{"id":2477,"date":"2017-10-09T11:52:42","date_gmt":"2017-10-09T11:52:42","guid":{"rendered":"http:\/\/stage.c7307.cloudnet.cloud\/oem-capabilities-sv\/"},"modified":"2019-09-05T00:11:18","modified_gmt":"2019-09-04T22:11:18","slug":"oem-capabilities","status":"publish","type":"page","link":"https:\/\/www.nordiclights.com\/de\/oem-capabilities\/","title":{"rendered":"OEM-Partner"},"content":{"rendered":"<p>Nordic Lights arbeitet eng mit jedem einzelnen Kunden zusammen, um dessen Bed\u00fcrfnisse, Fachwissen und Input einzubeziehen. Wir kombinieren dies dann mit unseren umfassenden Kenntnissen und umfangreichen F\u00e4higkeiten als Erstausr\u00fcster, um die beste L\u00f6sung zur Erreichung Ihrer Gesch\u00e4ftsziele zu finden. Wir sind der festen \u00dcberzeugung, dass beide Seiten von dieser Partnerschaft profitieren.<\/p>\n<p>In diesem Zusammenhang sind wir zum bevorzugten Partner mehrerer On- und Offroad-Fahrzeughersteller herangewachsen. Wir sind stolz darauf, dass unsere Arbeitsscheinwerfer in Zusammenarbeit mit Branchenf\u00fchrern wie Caterpillar, Liebherr, Sandvik und Komatsu erstellt werden.<\/p>\n<p>Wir glauben, dass unser Erfolg nicht nur von einem Faktor abh\u00e4ngt, sondern von der Summe vieler Dinge, die wir im Laufe der Jahre richtig gemacht haben. Unsere Leistung und die umfangreichen F\u00e4higkeiten als Erstausr\u00fcster basieren auf den folgenden Kernwerten:<\/p>\n<h3><strong>Fundiertes lichttechnisches Know-how<\/strong><\/h3>\n<p>NORDIC LIGHTS\u00ae verf\u00fcgt \u00fcber langj\u00e4hrige Erfahrung in der Entwicklung und Herstellung von langlebigen Arbeitsscheinwerfern f\u00fcr schwere Nutzfahrzeuge. Wir verf\u00fcgen \u00fcber eine hauseigene Forschungs- und Entwicklungsabteilung, moderne Licht- und Pr\u00fcflabore sowie modernste Simulationssoftware, die es uns erm\u00f6glichen, Produkte nach unseren eigenen Standards zu entwerfen und zu entwickeln. Wir haben die besten Produktentwickler und Ingenieure, die stetig an der Entwicklung neuer und innovativer Weltklasse- Beleuchtungsl\u00f6sungen arbeiten. Um Ihnen genau das richtige Produkt zu liefern, bieten wir Dienstleistungen wie Licht- und 3D-Simulationen, optimale Lichtpositionierung und geben Empfehlungen f\u00fcr Lichtvolumen und passende Arbeitsscheinwerfer.<\/p>\n<h3 class=\"p1\"><span class=\"s1\">Innovation<\/span><\/h3>\n<p>Wir sind neugierig und offen. Diese Einstellung f\u00f6rdert eine Kultur, in der Menschen respektiert und ermutigt werden, sich frei auszutauschen und gemeinsam an bahnbrechenden Innovationen zu arbeiten. Es ist in Ordnung, Fehler zu machen, denn in Wahrheit gibt es keine Fehler, sondern nur Lektionen, die gelernt werden m\u00fcssen.<\/p>\n<h3><strong>Flexibilit\u00e4t<\/strong><\/h3>\n<p>Wir haben unseren Sitz nicht in einer schnelllebigen Metropole, sondern an der sch\u00f6nen Westk\u00fcste Finnlands. Das wogende Meer, die langen Winter sowie die endlosen W\u00e4lder und Landstra\u00dfen haben uns gelehrt, was es hei\u00dft, flexibel zu sein. Unsere Priorit\u00e4t ist es, die Bed\u00fcrfnisse jedes Kunden und einer sich ver\u00e4ndernden Welt zu erf\u00fcllen.<\/p>\n<h3><strong>Ma\u00dfgeschneiderte L\u00f6sungen<\/strong><\/h3>\n<p class=\"p1\">We delight in creating custom-made solutions together with our clients, and take pride in being flexible, innovative and effective in our work. Thanks to our engineering capabilities, we can design unique, customized work lights according to your requirements.<\/p>\n<h3><strong>Einfache und funktionelle Arbeitsweise<\/strong><\/h3>\n<p>Wir streben nach operativer Perfektion. Seit fast einem Jahrzehnt arbeiten wir mit Lean-Six-Sigma-Methoden. Unsere Fertigungsprozesse sind von denen der globalen Technologief\u00fchrern inspiriert, und dadurch verf\u00fcgen wir \u00fcber eine der schlanksten Produktionsketten unserer Branche.<\/p>\n<h3><strong>Qualit\u00e4tsdenken<\/strong><\/h3>\n<p>Wir sind sehr stolz darauf, dass alle unsere Produktserien umfangreichen Tests unterzogen werden. Wir haben ein sehr hohes Qualit\u00e4tsniveau und streben stets nach der Bereitstellung von hochwertigen Produkten. Wir geben unseren Kunden das Beste, das wir ihnen bieten k\u00f6nnen.<\/p>\n<h3><strong>Kontinuierliche Weiterentwicklung<\/strong><\/h3>\n<p>Stagnation wird bei NORDIC LIGHTS\u00ae nicht hingenommen. Wir bleiben immer einen Schritt voraus und fordern uns immer wieder heraus, \u00fcber M\u00f6glichkeiten nachzudenken, wie wir unsere Gesch\u00e4ftsabl\u00e4ufe verbessern k\u00f6nnen.<\/p>\n<h3><strong>Serviceorientiert<\/strong><\/h3>\n<p>Wir glauben an Agilit\u00e4t und Serviceorientierung gegen\u00fcber unseren Kunden und sind stolz darauf, es unseren Kunden leicht und angenehm zu machen, mit uns zusammen zu arbeiten.<\/p>\n<h3><strong>Globales Denken<\/strong><\/h3>\n<p>An der finnischen Westk\u00fcste ging es immer schon um den Export und die Eingliederung in die Welt au\u00dferhalb der Landesgrenzen. Wir sind neugierig und offen f\u00fcr neue Ideen und sehen den globalen Markt als unser Einsatzgebiet.<\/p>\n<h3><strong>Zuverl\u00e4ssig<\/strong><\/h3>\n<p>Die Finnen sind daf\u00fcr bekannt, extrem beharrlich und vertrauensw\u00fcrdig zu sein. Wenn Sie mit uns Gesch\u00e4fte machen, k\u00f6nnen Sie sicher sein, dass unsere Worte und Taten miteinander in Einklang stehen. Sie k\u00f6nnen sich auf unsere effiziente Produktion verlassen und mithilfe unserer Just-in-Time-Lieferungen auch Ihren Lagerbestand reduzieren.<\/p>\n<h3><strong>Ineinandergreifende Schl\u00fcsselprozesse<\/strong><\/h3>\n<p>Wir sind \u00fcberzeugt, dass es im Interesse unserer Kunden ist, dass wir die Produkte nach unseren hohen Standards selbst entwickeln und produzieren. Dadurch, dass sich Forschung und Entwicklung, modernste Labors und die Fertigung auf dem gleichen Werksgel\u00e4nde befinden, l\u00e4sst sich leicht sicherstellen, dass unsere Produkte robust und stark sind, wenn sie unser Werk verlassen.<\/p>\n<h3><strong>Effizient<\/strong><\/h3>\n<p>Wir sind stolz auf unsere kurzen Lieferzeiten und unsere auf Effizienz ausgerichtete Arbeitsethik, und wir bem\u00fchen uns stets darum, unsere Anlagen zu verbessern, damit wir immer auf die kosteng\u00fcnstigste Art und Weise arbeiten k\u00f6nnen. Es ist uns eine Freude, den globalen Markt zu bedienen und wir sorgen daf\u00fcr, dass Ihnen unsere Produkte zeitnah zur Verf\u00fcgung stehen. Wir sind sowohl beim Versand, als auch beim Empfang von EDI-Transaktionen EDI-f\u00e4hig. Unsere EDI-L\u00f6sung ist ein voll in unserer ERP-Software integriertes Modul, das die manuelle Bearbeitung der Daten auf ein Minimum reduziert.<\/p>\n","protected":false},"excerpt":{"rendered":"<p>Nordic Lights arbeitet eng mit jedem einzelnen Kunden zusammen, um dessen Bed\u00fcrfnisse, Fachwissen und Input einzubeziehen. Wir kombinieren dies dann mit unseren umfassenden Kenntnissen und umfangreichen F\u00e4higkeiten als Erstausr\u00fcster, um die beste L\u00f6sung zur Erreichung Ihrer Gesch\u00e4ftsziele zu finden. Wir sind der festen \u00dcberzeugung, dass beide Seiten von dieser Partnerschaft profitieren. In diesem Zusammenhang sind [&hellip;]<\/p>\n","protected":false},"author":1,"featured_media":0,"parent":0,"menu_order":0,"comment_status":"closed","ping_status":"closed","template":"page-about.php","meta":{"_acf_changed":false,"_monsterinsights_skip_tracking":false,"_monsterinsights_sitenote_active":false,"_monsterinsights_sitenote_note":"","_monsterinsights_sitenote_category":0,"footnotes":""},"class_list":["post-2477","page","type-page","status-publish","hentry"],"acf":[],"yoast_head":"<!-- This site is optimized with the Yoast SEO plugin v27.1.1 - https:\/\/yoast.com\/product\/yoast-seo-wordpress\/ -->\n<title>OEM Capabilities - NORDIC LIGHTS\u00ae - Nordic Lights Ltd.<\/title>\n<meta name=\"description\" content=\"Your lighting solution partner. Whatever your lighting needs NORDIC LIGHTS\u00ae offer you tailored lighting solutions, know-how, teamwork, increased efficiency, quality and management.\" \/>\n<meta name=\"robots\" content=\"index, follow, max-snippet:-1, max-image-preview:large, max-video-preview:-1\" \/>\n<link rel=\"canonical\" href=\"https:\/\/www.nordiclights.com\/oem-capabilities\/\" \/>\n<meta property=\"og:locale\" content=\"de_DE\" \/>\n<meta property=\"og:type\" content=\"article\" \/>\n<meta property=\"og:title\" content=\"OEM Capabilities - NORDIC LIGHTS\u00ae - Nordic Lights Ltd.\" \/>\n<meta property=\"og:description\" content=\"Your lighting solution partner. Whatever your lighting needs NORDIC LIGHTS\u00ae offer you tailored lighting solutions, know-how, teamwork, increased efficiency, quality and management.\" \/>\n<meta property=\"og:url\" content=\"https:\/\/www.nordiclights.com\/oem-capabilities\/\" \/>\n<meta property=\"og:site_name\" content=\"NORDIC LIGHTS\u00ae - Nordic Lights Ltd.\" \/>\n<meta property=\"article:modified_time\" content=\"2019-09-04T22:11:18+00:00\" \/>\n<meta name=\"twitter:card\" content=\"summary_large_image\" \/>\n<meta name=\"twitter:label1\" content=\"Gesch\u00e4tzte Lesezeit\" \/>\n\t<meta name=\"twitter:data1\" content=\"4\u00a0Minuten\" \/>\n<script type=\"application\/ld+json\" class=\"yoast-schema-graph\">{\"@context\":\"https:\/\/schema.org\",\"@graph\":[{\"@type\":\"WebPage\",\"@id\":\"https:\/\/www.nordiclights.com\/oem-capabilities\/\",\"url\":\"https:\/\/www.nordiclights.com\/oem-capabilities\/\",\"name\":\"OEM Capabilities - NORDIC LIGHTS\u00ae - Nordic Lights Ltd.\",\"isPartOf\":{\"@id\":\"https:\/\/www.nordiclights.com\/ru\/#website\"},\"datePublished\":\"2017-10-09T11:52:42+00:00\",\"dateModified\":\"2019-09-04T22:11:18+00:00\",\"description\":\"Your lighting solution partner. Whatever your lighting needs NORDIC LIGHTS\u00ae offer you tailored lighting solutions, know-how, teamwork, increased efficiency, quality and management.\",\"breadcrumb\":{\"@id\":\"https:\/\/www.nordiclights.com\/oem-capabilities\/#breadcrumb\"},\"inLanguage\":\"de\",\"potentialAction\":[{\"@type\":\"ReadAction\",\"target\":[\"https:\/\/www.nordiclights.com\/oem-capabilities\/\"]}]},{\"@type\":\"BreadcrumbList\",\"@id\":\"https:\/\/www.nordiclights.com\/oem-capabilities\/#breadcrumb\",\"itemListElement\":[{\"@type\":\"ListItem\",\"position\":1,\"name\":\"Home\",\"item\":\"https:\/\/www.nordiclights.com\/de\/\"},{\"@type\":\"ListItem\",\"position\":2,\"name\":\"OEM-Partner\"}]},{\"@type\":\"WebSite\",\"@id\":\"https:\/\/www.nordiclights.com\/ru\/#website\",\"url\":\"https:\/\/www.nordiclights.com\/ru\/\",\"name\":\"NORDIC LIGHTS\u00ae - Nordic Lights Ltd.\",\"description\":\"\",\"potentialAction\":[{\"@type\":\"SearchAction\",\"target\":{\"@type\":\"EntryPoint\",\"urlTemplate\":\"https:\/\/www.nordiclights.com\/ru\/?s={search_term_string}\"},\"query-input\":{\"@type\":\"PropertyValueSpecification\",\"valueRequired\":true,\"valueName\":\"search_term_string\"}}],\"inLanguage\":\"de\"}]}<\/script>\n<!-- \/ Yoast SEO plugin. -->","yoast_head_json":{"title":"OEM Capabilities - NORDIC LIGHTS\u00ae - Nordic Lights Ltd.","description":"Your lighting solution partner. Whatever your lighting needs NORDIC LIGHTS\u00ae offer you tailored lighting solutions, know-how, teamwork, increased efficiency, quality and management.","robots":{"index":"index","follow":"follow","max-snippet":"max-snippet:-1","max-image-preview":"max-image-preview:large","max-video-preview":"max-video-preview:-1"},"canonical":"https:\/\/www.nordiclights.com\/oem-capabilities\/","og_locale":"de_DE","og_type":"article","og_title":"OEM Capabilities - NORDIC LIGHTS\u00ae - Nordic Lights Ltd.","og_description":"Your lighting solution partner. Whatever your lighting needs NORDIC LIGHTS\u00ae offer you tailored lighting solutions, know-how, teamwork, increased efficiency, quality and management.","og_url":"https:\/\/www.nordiclights.com\/oem-capabilities\/","og_site_name":"NORDIC LIGHTS\u00ae - Nordic Lights Ltd.","article_modified_time":"2019-09-04T22:11:18+00:00","twitter_card":"summary_large_image","twitter_misc":{"Gesch\u00e4tzte Lesezeit":"4\u00a0Minuten"},"schema":{"@context":"https:\/\/schema.org","@graph":[{"@type":"WebPage","@id":"https:\/\/www.nordiclights.com\/oem-capabilities\/","url":"https:\/\/www.nordiclights.com\/oem-capabilities\/","name":"OEM Capabilities - NORDIC LIGHTS\u00ae - Nordic Lights Ltd.","isPartOf":{"@id":"https:\/\/www.nordiclights.com\/ru\/#website"},"datePublished":"2017-10-09T11:52:42+00:00","dateModified":"2019-09-04T22:11:18+00:00","description":"Your lighting solution partner. Whatever your lighting needs NORDIC LIGHTS\u00ae offer you tailored lighting solutions, know-how, teamwork, increased efficiency, quality and management.","breadcrumb":{"@id":"https:\/\/www.nordiclights.com\/oem-capabilities\/#breadcrumb"},"inLanguage":"de","potentialAction":[{"@type":"ReadAction","target":["https:\/\/www.nordiclights.com\/oem-capabilities\/"]}]},{"@type":"BreadcrumbList","@id":"https:\/\/www.nordiclights.com\/oem-capabilities\/#breadcrumb","itemListElement":[{"@type":"ListItem","position":1,"name":"Home","item":"https:\/\/www.nordiclights.com\/de\/"},{"@type":"ListItem","position":2,"name":"OEM-Partner"}]},{"@type":"WebSite","@id":"https:\/\/www.nordiclights.com\/ru\/#website","url":"https:\/\/www.nordiclights.com\/ru\/","name":"NORDIC LIGHTS\u00ae - Nordic Lights Ltd.","description":"","potentialAction":[{"@type":"SearchAction","target":{"@type":"EntryPoint","urlTemplate":"https:\/\/www.nordiclights.com\/ru\/?s={search_term_string}"},"query-input":{"@type":"PropertyValueSpecification","valueRequired":true,"valueName":"search_term_string"}}],"inLanguage":"de"}]}},"_links":{"self":[{"href":"https:\/\/www.nordiclights.com\/de\/wp-json\/wp\/v2\/pages\/2477","targetHints":{"allow":["GET"]}}],"collection":[{"href":"https:\/\/www.nordiclights.com\/de\/wp-json\/wp\/v2\/pages"}],"about":[{"href":"https:\/\/www.nordiclights.com\/de\/wp-json\/wp\/v2\/types\/page"}],"author":[{"embeddable":true,"href":"https:\/\/www.nordiclights.com\/de\/wp-json\/wp\/v2\/users\/1"}],"replies":[{"embeddable":true,"href":"https:\/\/www.nordiclights.com\/de\/wp-json\/wp\/v2\/comments?post=2477"}],"version-history":[{"count":8,"href":"https:\/\/www.nordiclights.com\/de\/wp-json\/wp\/v2\/pages\/2477\/revisions"}],"predecessor-version":[{"id":17353,"href":"https:\/\/www.nordiclights.com\/de\/wp-json\/wp\/v2\/pages\/2477\/revisions\/17353"}],"wp:attachment":[{"href":"https:\/\/www.nordiclights.com\/de\/wp-json\/wp\/v2\/media?parent=2477"}],"curies":[{"name":"wp","href":"https:\/\/api.w.org\/{rel}","templated":true}]}}