{"id":2489,"date":"2017-10-09T14:26:33","date_gmt":"2017-10-09T14:26:33","guid":{"rendered":"http:\/\/stage.c7307.cloudnet.cloud\/am-capabilities\/"},"modified":"2023-12-22T04:20:35","modified_gmt":"2023-12-22T03:20:35","slug":"am-capabilities","status":"publish","type":"page","link":"https:\/\/www.nordiclights.com\/de\/am-capabilities\/","title":{"rendered":"Aftermarket-Partner"},"content":{"rendered":"<p>Wenn es um Beleuchtungsl\u00f6sungen geht, sind wir der bevorzugte Partner mehrerer On- und Off-Road-Fahrzeughersteller. Wir sind stolz darauf, dass unsere Arbeitsscheinwerfer in Zusammenarbeit mit Branchenf\u00fchrern wie Caterpillar, Liebherr, Sandvik und Komatsu erstellt werden.<\/p>\n<p>Unsere Aftermarket-Partner sind vielf\u00e4ltig, da NORDIC LIGHTS\u00ae Produkte einen hohen Wiederverkaufswert sowie einen starken Kapitalertrag haben und wir eine konstante Lieferperformance aufweisen. Wir sind ein flexibler Partner, der Ihnen solide technische Fachkenntnisse und Support bietet. In Bezug auf unsere Vertriebspartner sind wir sehr selektiv, und bieten so einen Status der Exklusivit\u00e4t.<\/p>\n<p class=\"p1\"><span class=\"s1\">Wir bieten Ihnen LED-, HID- (Xenon-) und Halogen-Arbeitsscheinwerfer f\u00fcr die Schwerlast- und On- und Offroad-Fahrzeugindustrie sowie innovative Fahrscheinwerfer. Unsere beliebten Premiumprodukte finden Sie auf Maschinen und Fahrzeugen der Bergbau- und Bauindustrie, der Forst- und Landwirtschaft, des F\u00f6rder- und Transportwesens sowie des Anh\u00e4ngersektors und der Rettungsdienste, und wir w\u00fcrden uns freuen, Ihnen unser Produktportfolio vorstellen zu d\u00fcrfen.<\/span><\/p>\n<p>Wir glauben, dass unser Erfolg nicht nur von einem Faktor abh\u00e4ngt, sondern von der Summe vieler Dinge, die wir im Laufe der Jahre richtig gemacht haben. Unsere Leistung und umfangreichen Aftermarket-F\u00e4higkeiten basieren auf den folgenden Kernwerten:<\/p>\n<h3><strong>Fundiertes lichttechnisches Know-how<\/strong><\/h3>\n<p>NORDIC LIGHTS\u00ae verf\u00fcgt \u00fcber langj\u00e4hrige Erfahrung in der Entwicklung und Herstellung von langlebigen Arbeitsscheinwerfern f\u00fcr schwere Nutzfahrzeuge. Wir verf\u00fcgen \u00fcber eine hauseigene Forschungs- und Entwicklungsabteilung, moderne Licht- und Pr\u00fcflabore sowie modernste Simulationssoftware, die es uns erm\u00f6glichen, Produkte nach unseren eigenen Standards zu entwerfen und zu entwickeln. Wir haben die besten Produktentwickler und Ingenieure, die stetig an der Entwicklung neuer und innovativer Weltklasse- Beleuchtungsl\u00f6sungen arbeiten. Um Ihnen genau das richtige Produkt zu liefern, bieten wir Dienstleistungen wie Licht- und 3D-Simulationen, optimale Lichtpositionierung und geben Empfehlungen f\u00fcr Lichtvolumen und passende Arbeitsscheinwerfer.<\/p>\n<h3 class=\"p1\"><span class=\"s1\">Innovation<\/span><\/h3>\n<p>Wir sind neugierig und offen. Diese Einstellung f\u00f6rdert eine Kultur, in der Menschen respektiert und ermutigt werden, sich frei auszutauschen und gemeinsam an bahnbrechenden Innovationen zu arbeiten. Es ist in Ordnung, Fehler zu machen, denn in Wahrheit gibt es keine Fehler, sondern nur Lektionen, die gelernt werden m\u00fcssen.<\/p>\n<h3><strong>Flexibilit\u00e4t<\/strong><\/h3>\n<p>Wir haben unseren Sitz nicht in einer schnelllebigen Metropole, sondern an der sch\u00f6nen Westk\u00fcste Finnlands. Das wogende Meer, die langen Winter sowie die endlosen W\u00e4lder und Landstra\u00dfen haben uns gelehrt, was es hei\u00dft, flexibel zu sein. Unsere Priorit\u00e4t ist es, die Bed\u00fcrfnisse jedes Kunden und einer sich ver\u00e4ndernden Welt zu erf\u00fcllen.<\/p>\n<h3><strong>Einfache und funktionelle Arbeitsweise<\/strong><\/h3>\n<p>Wir streben nach operativer Perfektion. Seit fast einem Jahrzehnt arbeiten wir mit Lean-Six-Sigma-Methoden. Unsere Fertigungsprozesse sind von denen der globalen Technologief\u00fchrern inspiriert und dadurch verf\u00fcgen wir \u00fcber eine der schlanksten Produktionsketten unserer Branche.<\/p>\n<h3><strong>Qualit\u00e4tsdenken<\/strong><\/h3>\n<p>Wir sind sehr stolz darauf, dass alle unsere Produktserien umfangreichen Tests unterzogen werden. Wir haben ein sehr hohes Qualit\u00e4tsniveau und streben stets nach der Bereitstellung von hochwertigen Produkten. Wir geben unseren Kunden das Beste, das wir ihnen bieten k\u00f6nnen. Die Tatsache, dass wir ein etablierter Erstausr\u00fcster-Lieferant sind, ist ein Zeichen f\u00fcr die wahre Qualit\u00e4t unserer Produkte. NORDIC LIGHTS\u00ae im Sortiment zu f\u00fchren ist unkompliziert.<\/p>\n<h3><strong>Kontinuierliche Weiterentwicklung<\/strong><\/h3>\n<p>Stagnation wird bei NORDIC LIGHTS\u00ae nicht hingenommen. Wir bleiben immer einen Schritt voraus und fordern uns immer wieder heraus, \u00fcber M\u00f6glichkeiten nachzudenken, wie wir unsere Gesch\u00e4ftsabl\u00e4ufe verbessern k\u00f6nnen.<\/p>\n<h3><strong>Serviceorientiert<\/strong><\/h3>\n<p>Wir glauben an Agilit\u00e4t und Serviceorientierung gegen\u00fcber unseren Kunden und sind stolz darauf, es unseren Kunden leicht und angenehm zu machen, mit uns zusammen zu arbeiten.<\/p>\n<h3><strong>Globales Denken<\/strong><\/h3>\n<p>An der finnischen Westk\u00fcste ging es immer schon um den Export und die Eingliederung in die Welt au\u00dferhalb der Landesgrenzen. Wir sind neugierig und offen f\u00fcr neue Ideen und sehen den globalen Markt als unser Einsatzgebiet.<\/p>\n<h3><strong>Zuverl\u00e4ssig<\/strong><\/h3>\n<p>Die Finnen sind daf\u00fcr bekannt, extrem beharrlich und vertrauensw\u00fcrdig zu sein. Wenn Sie mit uns Gesch\u00e4fte machen, k\u00f6nnen Sie sicher sein, dass unsere Worte und Taten miteinander in Einklang stehen. Sie k\u00f6nnen sich auf unsere effiziente Produktion verlassen und mithilfe unserer Just-in-Time-Lieferungen auch Ihren Lagerbestand reduzieren.<\/p>\n<h3><strong>Ineinandergreifende Schl\u00fcsselprozesse<\/strong><\/h3>\n<p>Wir sind \u00fcberzeugt, dass es im Interesse unserer Kunden ist, dass wir die Produkte nach unseren hohen Standards selbst entwickeln und produzieren. Dadurch, dass sich Forschung und Entwicklung, modernste Labors und die Fertigung auf dem gleichen Werksgel\u00e4nde befinden, l\u00e4sst sich leicht sicherstellen, dass unsere Produkte robust und stark sind, wenn sie unser Werk verlassen.<\/p>\n<h3><strong>Effizient<\/strong><\/h3>\n<p>Wir sind stolz auf unsere kurzen Lieferzeiten und unsere auf Effizienz ausgerichtete Arbeitsethik, und wir bem\u00fchen uns stets darum, unsere Anlagen zu verbessern, damit wir immer auf die kosteng\u00fcnstigste Art und Weise arbeiten k\u00f6nnen. Es ist uns eine Freude, den globalen Markt zu bedienen und wir sorgen daf\u00fcr, dass Ihnen unsere Produkte zeitnah zur Verf\u00fcgung stehen.<\/p>\n","protected":false},"excerpt":{"rendered":"<p>Wenn es um Beleuchtungsl\u00f6sungen geht, sind wir der bevorzugte Partner mehrerer On- und Off-Road-Fahrzeughersteller. Wir sind stolz darauf, dass unsere Arbeitsscheinwerfer in Zusammenarbeit mit Branchenf\u00fchrern wie Caterpillar, Liebherr, Sandvik und Komatsu erstellt werden. Unsere Aftermarket-Partner sind vielf\u00e4ltig, da NORDIC LIGHTS\u00ae Produkte einen hohen Wiederverkaufswert sowie einen starken Kapitalertrag haben und wir eine konstante Lieferperformance aufweisen. [&hellip;]<\/p>\n","protected":false},"author":1,"featured_media":0,"parent":0,"menu_order":0,"comment_status":"closed","ping_status":"closed","template":"page-about.php","meta":{"_acf_changed":false,"_monsterinsights_skip_tracking":false,"_monsterinsights_sitenote_active":false,"_monsterinsights_sitenote_note":"","_monsterinsights_sitenote_category":0,"footnotes":""},"class_list":["post-2489","page","type-page","status-publish","hentry"],"acf":[],"yoast_head":"<!-- This site is optimized with the Yoast SEO plugin v26.6 - https:\/\/yoast.com\/wordpress\/plugins\/seo\/ -->\n<title>AM Capabilities - NORDIC LIGHTS\u00ae - Nordic Lights Ltd.<\/title>\n<meta name=\"description\" content=\"Distributing NORDIC LIGHTS\u00ae products gives you eye-catching packages, quality products with less refunds, shorter delivery times and flexibility, together with a good return on investment.\" \/>\n<meta name=\"robots\" content=\"index, follow, max-snippet:-1, max-image-preview:large, max-video-preview:-1\" \/>\n<link rel=\"canonical\" href=\"https:\/\/www.nordiclights.com\/aftermarket-sales\/\" \/>\n<meta property=\"og:locale\" content=\"de_DE\" \/>\n<meta property=\"og:type\" content=\"article\" \/>\n<meta property=\"og:title\" content=\"AM Capabilities - NORDIC LIGHTS\u00ae - Nordic Lights Ltd.\" \/>\n<meta property=\"og:description\" content=\"Distributing NORDIC LIGHTS\u00ae products gives you eye-catching packages, quality products with less refunds, shorter delivery times and flexibility, together with a good return on investment.\" \/>\n<meta property=\"og:url\" content=\"https:\/\/www.nordiclights.com\/aftermarket-sales\/\" \/>\n<meta property=\"og:site_name\" content=\"NORDIC LIGHTS\u00ae - Nordic Lights Ltd.\" \/>\n<meta property=\"article:modified_time\" content=\"2023-12-22T03:20:35+00:00\" \/>\n<meta name=\"twitter:card\" content=\"summary_large_image\" \/>\n<meta name=\"twitter:label1\" content=\"Gesch\u00e4tzte Lesezeit\" \/>\n\t<meta name=\"twitter:data1\" content=\"4\u00a0Minuten\" \/>\n<script type=\"application\/ld+json\" class=\"yoast-schema-graph\">{\"@context\":\"https:\/\/schema.org\",\"@graph\":[{\"@type\":\"WebPage\",\"@id\":\"https:\/\/www.nordiclights.com\/aftermarket-sales\/\",\"url\":\"https:\/\/www.nordiclights.com\/aftermarket-sales\/\",\"name\":\"AM Capabilities - NORDIC LIGHTS\u00ae - Nordic Lights Ltd.\",\"isPartOf\":{\"@id\":\"https:\/\/www.nordiclights.com\/ru\/#website\"},\"datePublished\":\"2017-10-09T14:26:33+00:00\",\"dateModified\":\"2023-12-22T03:20:35+00:00\",\"description\":\"Distributing NORDIC LIGHTS\u00ae products gives you eye-catching packages, quality products with less refunds, shorter delivery times and flexibility, together with a good return on investment.\",\"breadcrumb\":{\"@id\":\"https:\/\/www.nordiclights.com\/aftermarket-sales\/#breadcrumb\"},\"inLanguage\":\"de\",\"potentialAction\":[{\"@type\":\"ReadAction\",\"target\":[\"https:\/\/www.nordiclights.com\/aftermarket-sales\/\"]}]},{\"@type\":\"BreadcrumbList\",\"@id\":\"https:\/\/www.nordiclights.com\/aftermarket-sales\/#breadcrumb\",\"itemListElement\":[{\"@type\":\"ListItem\",\"position\":1,\"name\":\"Home\",\"item\":\"https:\/\/www.nordiclights.com\/de\/\"},{\"@type\":\"ListItem\",\"position\":2,\"name\":\"Aftermarket-Partner\"}]},{\"@type\":\"WebSite\",\"@id\":\"https:\/\/www.nordiclights.com\/ru\/#website\",\"url\":\"https:\/\/www.nordiclights.com\/ru\/\",\"name\":\"NORDIC LIGHTS\u00ae - Nordic Lights Ltd.\",\"description\":\"\",\"potentialAction\":[{\"@type\":\"SearchAction\",\"target\":{\"@type\":\"EntryPoint\",\"urlTemplate\":\"https:\/\/www.nordiclights.com\/ru\/?s={search_term_string}\"},\"query-input\":{\"@type\":\"PropertyValueSpecification\",\"valueRequired\":true,\"valueName\":\"search_term_string\"}}],\"inLanguage\":\"de\"}]}<\/script>\n<!-- \/ Yoast SEO plugin. -->","yoast_head_json":{"title":"AM Capabilities - NORDIC LIGHTS\u00ae - Nordic Lights Ltd.","description":"Distributing NORDIC LIGHTS\u00ae products gives you eye-catching packages, quality products with less refunds, shorter delivery times and flexibility, together with a good return on investment.","robots":{"index":"index","follow":"follow","max-snippet":"max-snippet:-1","max-image-preview":"max-image-preview:large","max-video-preview":"max-video-preview:-1"},"canonical":"https:\/\/www.nordiclights.com\/aftermarket-sales\/","og_locale":"de_DE","og_type":"article","og_title":"AM Capabilities - NORDIC LIGHTS\u00ae - Nordic Lights Ltd.","og_description":"Distributing NORDIC LIGHTS\u00ae products gives you eye-catching packages, quality products with less refunds, shorter delivery times and flexibility, together with a good return on investment.","og_url":"https:\/\/www.nordiclights.com\/aftermarket-sales\/","og_site_name":"NORDIC LIGHTS\u00ae - Nordic Lights Ltd.","article_modified_time":"2023-12-22T03:20:35+00:00","twitter_card":"summary_large_image","twitter_misc":{"Gesch\u00e4tzte Lesezeit":"4\u00a0Minuten"},"schema":{"@context":"https:\/\/schema.org","@graph":[{"@type":"WebPage","@id":"https:\/\/www.nordiclights.com\/aftermarket-sales\/","url":"https:\/\/www.nordiclights.com\/aftermarket-sales\/","name":"AM Capabilities - NORDIC LIGHTS\u00ae - Nordic Lights Ltd.","isPartOf":{"@id":"https:\/\/www.nordiclights.com\/ru\/#website"},"datePublished":"2017-10-09T14:26:33+00:00","dateModified":"2023-12-22T03:20:35+00:00","description":"Distributing NORDIC LIGHTS\u00ae products gives you eye-catching packages, quality products with less refunds, shorter delivery times and flexibility, together with a good return on investment.","breadcrumb":{"@id":"https:\/\/www.nordiclights.com\/aftermarket-sales\/#breadcrumb"},"inLanguage":"de","potentialAction":[{"@type":"ReadAction","target":["https:\/\/www.nordiclights.com\/aftermarket-sales\/"]}]},{"@type":"BreadcrumbList","@id":"https:\/\/www.nordiclights.com\/aftermarket-sales\/#breadcrumb","itemListElement":[{"@type":"ListItem","position":1,"name":"Home","item":"https:\/\/www.nordiclights.com\/de\/"},{"@type":"ListItem","position":2,"name":"Aftermarket-Partner"}]},{"@type":"WebSite","@id":"https:\/\/www.nordiclights.com\/ru\/#website","url":"https:\/\/www.nordiclights.com\/ru\/","name":"NORDIC LIGHTS\u00ae - Nordic Lights Ltd.","description":"","potentialAction":[{"@type":"SearchAction","target":{"@type":"EntryPoint","urlTemplate":"https:\/\/www.nordiclights.com\/ru\/?s={search_term_string}"},"query-input":{"@type":"PropertyValueSpecification","valueRequired":true,"valueName":"search_term_string"}}],"inLanguage":"de"}]}},"_links":{"self":[{"href":"https:\/\/www.nordiclights.com\/de\/wp-json\/wp\/v2\/pages\/2489","targetHints":{"allow":["GET"]}}],"collection":[{"href":"https:\/\/www.nordiclights.com\/de\/wp-json\/wp\/v2\/pages"}],"about":[{"href":"https:\/\/www.nordiclights.com\/de\/wp-json\/wp\/v2\/types\/page"}],"author":[{"embeddable":true,"href":"https:\/\/www.nordiclights.com\/de\/wp-json\/wp\/v2\/users\/1"}],"replies":[{"embeddable":true,"href":"https:\/\/www.nordiclights.com\/de\/wp-json\/wp\/v2\/comments?post=2489"}],"version-history":[{"count":8,"href":"https:\/\/www.nordiclights.com\/de\/wp-json\/wp\/v2\/pages\/2489\/revisions"}],"predecessor-version":[{"id":28389,"href":"https:\/\/www.nordiclights.com\/de\/wp-json\/wp\/v2\/pages\/2489\/revisions\/28389"}],"wp:attachment":[{"href":"https:\/\/www.nordiclights.com\/de\/wp-json\/wp\/v2\/media?parent=2489"}],"curies":[{"name":"wp","href":"https:\/\/api.w.org\/{rel}","templated":true}]}}