{"id":4106,"date":"2018-02-14T10:02:36","date_gmt":"2018-02-14T09:02:36","guid":{"rendered":"http:\/\/stage.c7307.cloudnet.cloud\/tech-talk\/"},"modified":"2019-03-25T15:44:04","modified_gmt":"2019-03-25T14:44:04","slug":"tech-talk","status":"publish","type":"page","link":"https:\/\/www.nordiclights.com\/de\/tech-talk\/","title":{"rendered":"Tech-Talk"},"content":{"rendered":"<p>Innovation ist die DNA von Herrmans NORDIC LIGHTS\u00ae. Heute verf\u00fcgt das Unternehmen \u00fcber eine erstaunliche Anzahl bahnbrechender Innovationen in seiner Premium-Produktpalette. Ganz zu schweigen von all den gro\u00dfartigen Hochleistungsscheinwerfern, die im Laufe der Jahre entwickelt und hergestellt wurden.<\/p>\n<p>Unser Streben nach stetiger Weiterentwicklung und unsere Neugierde waren entscheidende Triebfedern bei der Aneignung unseres umfangreichen Know-hows in Beleuchtungsl\u00f6sungen und Lichttechnik, in Elektronik und Optik-Design sowie in D\u00e4mpfungsl\u00f6sungen. In Verbindung mit unserem ausgepr\u00e4gten Verst\u00e4ndnis f\u00fcr die Anforderungen und Vorschriften unserer Kunden, unterst\u00fctzen wir Sie gerne bei der Auswahl der am besten geeigneten NORDIC LIGHTS\u00ae LED-Scheinwerfer f\u00fcr jede erdenkliche Anwendung.<\/p>\n<p>Wir verf\u00fcgen \u00fcber einen eigenen \u201eSpielplatz f\u00fcr Techniker\u201c, der u. a. aus einem Vibrationspr\u00fcflabor, einem Lichtlabor, einem Elektroniklabor und einem CT-Scanner besteht, wo wir unsere Produkte entwickeln und testen und die bestm\u00f6glichen Beleuchtungsl\u00f6sungen f\u00fcr Sie finden. Dieses innovative High-Tech-Kraftwerk hat in seiner Geschichte viele stolze Momente erlebt, die das Unternehmen zu dem gemacht haben, was es heute ist. Warum also ein erfolgreiches Konzept \u00e4ndern?<\/p>\n","protected":false},"excerpt":{"rendered":"<p>Innovation ist die DNA von Herrmans NORDIC LIGHTS\u00ae. Heute verf\u00fcgt das Unternehmen \u00fcber eine erstaunliche Anzahl bahnbrechender Innovationen in seiner Premium-Produktpalette. Ganz zu schweigen von all den gro\u00dfartigen Hochleistungsscheinwerfern, die im Laufe der Jahre entwickelt und hergestellt wurden. Unser Streben nach stetiger Weiterentwicklung und unsere Neugierde waren entscheidende Triebfedern bei der Aneignung unseres umfangreichen Know-hows [&hellip;]<\/p>\n","protected":false},"author":3,"featured_media":0,"parent":0,"menu_order":0,"comment_status":"closed","ping_status":"closed","template":"page-about.php","meta":{"_acf_changed":false,"_monsterinsights_skip_tracking":false,"_monsterinsights_sitenote_active":false,"_monsterinsights_sitenote_note":"","_monsterinsights_sitenote_category":0,"footnotes":""},"class_list":["post-4106","page","type-page","status-publish","hentry"],"acf":[],"yoast_head":"<!-- This site is optimized with the Yoast SEO plugin v27.1.1 - https:\/\/yoast.com\/product\/yoast-seo-wordpress\/ -->\n<title>Tech Talk - NORDIC LIGHTS\u00ae - Nordic Lights Ltd.<\/title>\n<meta name=\"description\" content=\"On this page you will find more technical information and features regarding NORDIC LIGHTS\u00ae products.\" \/>\n<meta name=\"robots\" content=\"index, follow, max-snippet:-1, max-image-preview:large, max-video-preview:-1\" \/>\n<link rel=\"canonical\" href=\"https:\/\/www.nordiclights.com\/tech-talk\/\" \/>\n<meta property=\"og:locale\" content=\"de_DE\" \/>\n<meta property=\"og:type\" content=\"article\" \/>\n<meta property=\"og:title\" content=\"Tech Talk - NORDIC LIGHTS\u00ae - Nordic Lights Ltd.\" \/>\n<meta property=\"og:description\" content=\"On this page you will find more technical information and features regarding NORDIC LIGHTS\u00ae products.\" \/>\n<meta property=\"og:url\" content=\"https:\/\/www.nordiclights.com\/tech-talk\/\" \/>\n<meta property=\"og:site_name\" content=\"NORDIC LIGHTS\u00ae - Nordic Lights Ltd.\" \/>\n<meta property=\"article:modified_time\" content=\"2019-03-25T14:44:04+00:00\" \/>\n<meta name=\"twitter:card\" content=\"summary_large_image\" \/>\n<meta name=\"twitter:label1\" content=\"Gesch\u00e4tzte Lesezeit\" \/>\n\t<meta name=\"twitter:data1\" content=\"1\u00a0Minute\" \/>\n<script type=\"application\/ld+json\" class=\"yoast-schema-graph\">{\"@context\":\"https:\/\/schema.org\",\"@graph\":[{\"@type\":\"WebPage\",\"@id\":\"https:\/\/www.nordiclights.com\/tech-talk\/\",\"url\":\"https:\/\/www.nordiclights.com\/tech-talk\/\",\"name\":\"Tech Talk - NORDIC LIGHTS\u00ae - Nordic Lights Ltd.\",\"isPartOf\":{\"@id\":\"https:\/\/www.nordiclights.com\/ru\/#website\"},\"datePublished\":\"2018-02-14T09:02:36+00:00\",\"dateModified\":\"2019-03-25T14:44:04+00:00\",\"description\":\"On this page you will find more technical information and features regarding NORDIC LIGHTS\u00ae products.\",\"breadcrumb\":{\"@id\":\"https:\/\/www.nordiclights.com\/tech-talk\/#breadcrumb\"},\"inLanguage\":\"de\",\"potentialAction\":[{\"@type\":\"ReadAction\",\"target\":[\"https:\/\/www.nordiclights.com\/tech-talk\/\"]}]},{\"@type\":\"BreadcrumbList\",\"@id\":\"https:\/\/www.nordiclights.com\/tech-talk\/#breadcrumb\",\"itemListElement\":[{\"@type\":\"ListItem\",\"position\":1,\"name\":\"Home\",\"item\":\"https:\/\/www.nordiclights.com\/de\/\"},{\"@type\":\"ListItem\",\"position\":2,\"name\":\"Tech-Talk\"}]},{\"@type\":\"WebSite\",\"@id\":\"https:\/\/www.nordiclights.com\/ru\/#website\",\"url\":\"https:\/\/www.nordiclights.com\/ru\/\",\"name\":\"NORDIC LIGHTS\u00ae - Nordic Lights Ltd.\",\"description\":\"\",\"potentialAction\":[{\"@type\":\"SearchAction\",\"target\":{\"@type\":\"EntryPoint\",\"urlTemplate\":\"https:\/\/www.nordiclights.com\/ru\/?s={search_term_string}\"},\"query-input\":{\"@type\":\"PropertyValueSpecification\",\"valueRequired\":true,\"valueName\":\"search_term_string\"}}],\"inLanguage\":\"de\"}]}<\/script>\n<!-- \/ Yoast SEO plugin. -->","yoast_head_json":{"title":"Tech Talk - NORDIC LIGHTS\u00ae - Nordic Lights Ltd.","description":"On this page you will find more technical information and features regarding NORDIC LIGHTS\u00ae products.","robots":{"index":"index","follow":"follow","max-snippet":"max-snippet:-1","max-image-preview":"max-image-preview:large","max-video-preview":"max-video-preview:-1"},"canonical":"https:\/\/www.nordiclights.com\/tech-talk\/","og_locale":"de_DE","og_type":"article","og_title":"Tech Talk - NORDIC LIGHTS\u00ae - Nordic Lights Ltd.","og_description":"On this page you will find more technical information and features regarding NORDIC LIGHTS\u00ae products.","og_url":"https:\/\/www.nordiclights.com\/tech-talk\/","og_site_name":"NORDIC LIGHTS\u00ae - Nordic Lights Ltd.","article_modified_time":"2019-03-25T14:44:04+00:00","twitter_card":"summary_large_image","twitter_misc":{"Gesch\u00e4tzte Lesezeit":"1\u00a0Minute"},"schema":{"@context":"https:\/\/schema.org","@graph":[{"@type":"WebPage","@id":"https:\/\/www.nordiclights.com\/tech-talk\/","url":"https:\/\/www.nordiclights.com\/tech-talk\/","name":"Tech Talk - NORDIC LIGHTS\u00ae - Nordic Lights Ltd.","isPartOf":{"@id":"https:\/\/www.nordiclights.com\/ru\/#website"},"datePublished":"2018-02-14T09:02:36+00:00","dateModified":"2019-03-25T14:44:04+00:00","description":"On this page you will find more technical information and features regarding NORDIC LIGHTS\u00ae products.","breadcrumb":{"@id":"https:\/\/www.nordiclights.com\/tech-talk\/#breadcrumb"},"inLanguage":"de","potentialAction":[{"@type":"ReadAction","target":["https:\/\/www.nordiclights.com\/tech-talk\/"]}]},{"@type":"BreadcrumbList","@id":"https:\/\/www.nordiclights.com\/tech-talk\/#breadcrumb","itemListElement":[{"@type":"ListItem","position":1,"name":"Home","item":"https:\/\/www.nordiclights.com\/de\/"},{"@type":"ListItem","position":2,"name":"Tech-Talk"}]},{"@type":"WebSite","@id":"https:\/\/www.nordiclights.com\/ru\/#website","url":"https:\/\/www.nordiclights.com\/ru\/","name":"NORDIC LIGHTS\u00ae - Nordic Lights Ltd.","description":"","potentialAction":[{"@type":"SearchAction","target":{"@type":"EntryPoint","urlTemplate":"https:\/\/www.nordiclights.com\/ru\/?s={search_term_string}"},"query-input":{"@type":"PropertyValueSpecification","valueRequired":true,"valueName":"search_term_string"}}],"inLanguage":"de"}]}},"_links":{"self":[{"href":"https:\/\/www.nordiclights.com\/de\/wp-json\/wp\/v2\/pages\/4106","targetHints":{"allow":["GET"]}}],"collection":[{"href":"https:\/\/www.nordiclights.com\/de\/wp-json\/wp\/v2\/pages"}],"about":[{"href":"https:\/\/www.nordiclights.com\/de\/wp-json\/wp\/v2\/types\/page"}],"author":[{"embeddable":true,"href":"https:\/\/www.nordiclights.com\/de\/wp-json\/wp\/v2\/users\/3"}],"replies":[{"embeddable":true,"href":"https:\/\/www.nordiclights.com\/de\/wp-json\/wp\/v2\/comments?post=4106"}],"version-history":[{"count":5,"href":"https:\/\/www.nordiclights.com\/de\/wp-json\/wp\/v2\/pages\/4106\/revisions"}],"predecessor-version":[{"id":16738,"href":"https:\/\/www.nordiclights.com\/de\/wp-json\/wp\/v2\/pages\/4106\/revisions\/16738"}],"wp:attachment":[{"href":"https:\/\/www.nordiclights.com\/de\/wp-json\/wp\/v2\/media?parent=4106"}],"curies":[{"name":"wp","href":"https:\/\/api.w.org\/{rel}","templated":true}]}}