{"id":3224,"date":"2017-10-09T09:56:05","date_gmt":"2017-10-09T09:56:05","guid":{"rendered":"http:\/\/stage.c7307.cloudnet.cloud\/about-us\/"},"modified":"2024-01-26T11:07:33","modified_gmt":"2024-01-26T10:07:33","slug":"about-us","status":"publish","type":"page","link":"https:\/\/www.nordiclights.com\/es\/about-us\/","title":{"rendered":"Sobre nosotros"},"content":{"rendered":"<p><span lang=\"ES\">Queremos que sepa que, al trabajar con nosotros, tendremos en cuenta todas sus necesidades espec\u00edficas. Sabemos lo que supone trabajar en condiciones extremas y nos sentimos orgullosos de ofrecer soluciones lum\u00ednicas id\u00f3neas para su empresa de trabajos pesados.<\/span><\/p>\n<h3><b><span lang=\"ES\">Somos proveedores de luces de trabajo de gran duraci\u00f3n<\/span><\/b><b><\/b><\/h3>\n<p><span lang=\"ES\">Esta innovadora empresa el\u00e9ctrica de alta tecnolog\u00eda, fundada en 1992, se enorgullece de los m\u00faltiples momentos en su historia que han contribuido a la consolidaci\u00f3n de lo que hoy en d\u00eda representa el Nordic Lights Ltd. Actualmente, NORDIC LIGHTS\u00ae puede presumir de ser los mejores fabricantes de iluminaci\u00f3n para veh\u00edculos de trabajos pesados. Disponemos de nuestro propio terreno de pruebas interno para ingenieros, en el que contamos con un laboratorio de pruebas de vibraciones, un laboratorio de electr\u00f3nica y un esc\u00e1ner de TC en el que dise\u00f1amos y probamos nuestros \u00faltimos productos.<\/span><\/p>\n<h3><b><span lang=\"ES\">\u2026 con una distribuci\u00f3n de luz uniforme<\/span><\/b><b><\/b><\/h3>\n<p><span lang=\"ES\">Para pasar una inspecci\u00f3n, todos los productos nuevos se someten a un amplio proceso de pruebas. En este proceso se ponen a prueba: la intensidad y distribuci\u00f3n de la luz; las vibraciones y golpes; el polvo y la humedad; la exposici\u00f3n al calor y al fr\u00edo; la oscilaci\u00f3n t\u00e9rmica; la protecci\u00f3n t\u00e9rmica; la compatibilidad electromagn\u00e9tica; la funcionalidad completa; las condiciones anormales; la resistencia qu\u00edmica; y la usabilidad. Tras la finalizaci\u00f3n de la inspecci\u00f3n, como expertos en iluminaci\u00f3n, nos enorgullecemos de presentar nuestras luces m\u00e1s duraderas, las cuales incorporan una distribuci\u00f3n de luz uniforme y un patr\u00f3n de iluminaci\u00f3n que se adapta a sus necesidades. <\/span><\/p>\n<h3><b><span lang=\"ES\">Experiencia finlandesa en iluminaci\u00f3n<\/span><\/b><b><\/b><\/h3>\n<p><span lang=\"ES\">Adem\u00e1s de ser especialistas en iluminaci\u00f3n led, <span lang=\"PT-BR\">Nordic Lights Ltd., A <a href=\"https:\/\/methode.com\/\" target=\"_blank\" rel=\"noopener\">Methode Electronics<\/a> company, <\/span> fabrica luces de trabajo y circulaci\u00f3n de gama alta y alta tecnolog\u00eda para veh\u00edculos de trabajos pesados utilizados en los sectores de miner\u00eda, construcci\u00f3n, silvicultura, manejo de materiales y agricultura. La colaboraci\u00f3n productiva con nuestros socios de distintos sectores industriales, las continuas inversiones estrat\u00e9gicas en nuestro departamento de I+D y laboratorios, y el programa inform\u00e1tico de simulaci\u00f3n m\u00e1s novedoso, nos han convertido en expertos en iluminaci\u00f3n.<\/span><\/p>\n<p><span lang=\"ES\">Contamos con las certificaciones ISO 9001 e ISO 14001 y nuestro sistema de control de calidad abarca todos los procesos principales. Nuestras luces encabezan todas las listas de sus respectivos sectores a escala mundial y se dise\u00f1an en colaboraci\u00f3n con nuestros clientes, entre los que se incluyen l\u00edderes del sector como Caterpillar,\u00a0 John Deere, Liebherr, Sandvik y Komatsu.<\/span><\/p>\n","protected":false},"excerpt":{"rendered":"<p>Queremos que sepa que, al trabajar con nosotros, tendremos en cuenta todas sus necesidades espec\u00edficas. Sabemos lo que supone trabajar en condiciones extremas y nos sentimos orgullosos de ofrecer soluciones lum\u00ednicas id\u00f3neas para su empresa de trabajos pesados. Somos proveedores de luces de trabajo de gran duraci\u00f3n Esta innovadora empresa el\u00e9ctrica de alta tecnolog\u00eda, fundada [&hellip;]<\/p>\n","protected":false},"author":1,"featured_media":0,"parent":0,"menu_order":0,"comment_status":"closed","ping_status":"closed","template":"page-about.php","meta":{"_acf_changed":false,"_monsterinsights_skip_tracking":false,"_monsterinsights_sitenote_active":false,"_monsterinsights_sitenote_note":"","_monsterinsights_sitenote_category":0,"footnotes":""},"class_list":["post-3224","page","type-page","status-publish","hentry"],"acf":[],"yoast_head":"<!-- This site is optimized with the Yoast SEO plugin v27.1.1 - https:\/\/yoast.com\/product\/yoast-seo-wordpress\/ -->\n<title>About us - NORDIC LIGHTS\u00ae - Nordic Lights Ltd.<\/title>\n<meta name=\"description\" content=\"The success of NORDIC LIGHTS\u00ae products is based on their durability. This is the number one criterion for our customers. Hence, our slogan: \u201cLights for Heavy Duty\u201d.\" \/>\n<meta name=\"robots\" content=\"index, follow, max-snippet:-1, max-image-preview:large, max-video-preview:-1\" \/>\n<link rel=\"canonical\" href=\"https:\/\/www.nordiclights.com\/about-us\/\" \/>\n<meta property=\"og:locale\" content=\"es_ES\" \/>\n<meta property=\"og:type\" content=\"article\" \/>\n<meta property=\"og:title\" content=\"About us - NORDIC LIGHTS\u00ae - Nordic Lights Ltd.\" \/>\n<meta property=\"og:description\" content=\"The success of NORDIC LIGHTS\u00ae products is based on their durability. This is the number one criterion for our customers. Hence, our slogan: \u201cLights for Heavy Duty\u201d.\" \/>\n<meta property=\"og:url\" content=\"https:\/\/www.nordiclights.com\/about-us\/\" \/>\n<meta property=\"og:site_name\" content=\"NORDIC LIGHTS\u00ae - Nordic Lights Ltd.\" \/>\n<meta property=\"article:modified_time\" content=\"2024-01-26T10:07:33+00:00\" \/>\n<meta name=\"twitter:card\" content=\"summary_large_image\" \/>\n<meta name=\"twitter:label1\" content=\"Tiempo de lectura\" \/>\n\t<meta name=\"twitter:data1\" content=\"2 minutos\" \/>\n<script type=\"application\/ld+json\" class=\"yoast-schema-graph\">{\"@context\":\"https:\/\/schema.org\",\"@graph\":[{\"@type\":\"WebPage\",\"@id\":\"https:\/\/www.nordiclights.com\/about-us\/\",\"url\":\"https:\/\/www.nordiclights.com\/about-us\/\",\"name\":\"About us - NORDIC LIGHTS\u00ae - Nordic Lights Ltd.\",\"isPartOf\":{\"@id\":\"https:\/\/www.nordiclights.com\/ru\/#website\"},\"datePublished\":\"2017-10-09T09:56:05+00:00\",\"dateModified\":\"2024-01-26T10:07:33+00:00\",\"description\":\"The success of NORDIC LIGHTS\u00ae products is based on their durability. This is the number one criterion for our customers. Hence, our slogan: \u201cLights for Heavy Duty\u201d.\",\"breadcrumb\":{\"@id\":\"https:\/\/www.nordiclights.com\/about-us\/#breadcrumb\"},\"inLanguage\":\"es\",\"potentialAction\":[{\"@type\":\"ReadAction\",\"target\":[\"https:\/\/www.nordiclights.com\/about-us\/\"]}]},{\"@type\":\"BreadcrumbList\",\"@id\":\"https:\/\/www.nordiclights.com\/about-us\/#breadcrumb\",\"itemListElement\":[{\"@type\":\"ListItem\",\"position\":1,\"name\":\"Home\",\"item\":\"https:\/\/www.nordiclights.com\/es\/\"},{\"@type\":\"ListItem\",\"position\":2,\"name\":\"Sobre nosotros\"}]},{\"@type\":\"WebSite\",\"@id\":\"https:\/\/www.nordiclights.com\/ru\/#website\",\"url\":\"https:\/\/www.nordiclights.com\/ru\/\",\"name\":\"NORDIC LIGHTS\u00ae - Nordic Lights Ltd.\",\"description\":\"\",\"potentialAction\":[{\"@type\":\"SearchAction\",\"target\":{\"@type\":\"EntryPoint\",\"urlTemplate\":\"https:\/\/www.nordiclights.com\/ru\/?s={search_term_string}\"},\"query-input\":{\"@type\":\"PropertyValueSpecification\",\"valueRequired\":true,\"valueName\":\"search_term_string\"}}],\"inLanguage\":\"es\"}]}<\/script>\n<!-- \/ Yoast SEO plugin. -->","yoast_head_json":{"title":"About us - NORDIC LIGHTS\u00ae - Nordic Lights Ltd.","description":"The success of NORDIC LIGHTS\u00ae products is based on their durability. This is the number one criterion for our customers. Hence, our slogan: \u201cLights for Heavy Duty\u201d.","robots":{"index":"index","follow":"follow","max-snippet":"max-snippet:-1","max-image-preview":"max-image-preview:large","max-video-preview":"max-video-preview:-1"},"canonical":"https:\/\/www.nordiclights.com\/about-us\/","og_locale":"es_ES","og_type":"article","og_title":"About us - NORDIC LIGHTS\u00ae - Nordic Lights Ltd.","og_description":"The success of NORDIC LIGHTS\u00ae products is based on their durability. This is the number one criterion for our customers. Hence, our slogan: \u201cLights for Heavy Duty\u201d.","og_url":"https:\/\/www.nordiclights.com\/about-us\/","og_site_name":"NORDIC LIGHTS\u00ae - Nordic Lights Ltd.","article_modified_time":"2024-01-26T10:07:33+00:00","twitter_card":"summary_large_image","twitter_misc":{"Tiempo de lectura":"2 minutos"},"schema":{"@context":"https:\/\/schema.org","@graph":[{"@type":"WebPage","@id":"https:\/\/www.nordiclights.com\/about-us\/","url":"https:\/\/www.nordiclights.com\/about-us\/","name":"About us - NORDIC LIGHTS\u00ae - Nordic Lights Ltd.","isPartOf":{"@id":"https:\/\/www.nordiclights.com\/ru\/#website"},"datePublished":"2017-10-09T09:56:05+00:00","dateModified":"2024-01-26T10:07:33+00:00","description":"The success of NORDIC LIGHTS\u00ae products is based on their durability. This is the number one criterion for our customers. Hence, our slogan: \u201cLights for Heavy Duty\u201d.","breadcrumb":{"@id":"https:\/\/www.nordiclights.com\/about-us\/#breadcrumb"},"inLanguage":"es","potentialAction":[{"@type":"ReadAction","target":["https:\/\/www.nordiclights.com\/about-us\/"]}]},{"@type":"BreadcrumbList","@id":"https:\/\/www.nordiclights.com\/about-us\/#breadcrumb","itemListElement":[{"@type":"ListItem","position":1,"name":"Home","item":"https:\/\/www.nordiclights.com\/es\/"},{"@type":"ListItem","position":2,"name":"Sobre nosotros"}]},{"@type":"WebSite","@id":"https:\/\/www.nordiclights.com\/ru\/#website","url":"https:\/\/www.nordiclights.com\/ru\/","name":"NORDIC LIGHTS\u00ae - Nordic Lights Ltd.","description":"","potentialAction":[{"@type":"SearchAction","target":{"@type":"EntryPoint","urlTemplate":"https:\/\/www.nordiclights.com\/ru\/?s={search_term_string}"},"query-input":{"@type":"PropertyValueSpecification","valueRequired":true,"valueName":"search_term_string"}}],"inLanguage":"es"}]}},"_links":{"self":[{"href":"https:\/\/www.nordiclights.com\/es\/wp-json\/wp\/v2\/pages\/3224","targetHints":{"allow":["GET"]}}],"collection":[{"href":"https:\/\/www.nordiclights.com\/es\/wp-json\/wp\/v2\/pages"}],"about":[{"href":"https:\/\/www.nordiclights.com\/es\/wp-json\/wp\/v2\/types\/page"}],"author":[{"embeddable":true,"href":"https:\/\/www.nordiclights.com\/es\/wp-json\/wp\/v2\/users\/1"}],"replies":[{"embeddable":true,"href":"https:\/\/www.nordiclights.com\/es\/wp-json\/wp\/v2\/comments?post=3224"}],"version-history":[{"count":7,"href":"https:\/\/www.nordiclights.com\/es\/wp-json\/wp\/v2\/pages\/3224\/revisions"}],"predecessor-version":[{"id":28604,"href":"https:\/\/www.nordiclights.com\/es\/wp-json\/wp\/v2\/pages\/3224\/revisions\/28604"}],"wp:attachment":[{"href":"https:\/\/www.nordiclights.com\/es\/wp-json\/wp\/v2\/media?parent=3224"}],"curies":[{"name":"wp","href":"https:\/\/api.w.org\/{rel}","templated":true}]}}