{"id":3248,"date":"2017-10-09T11:52:42","date_gmt":"2017-10-09T11:52:42","guid":{"rendered":"http:\/\/stage.c7307.cloudnet.cloud\/oem-capabilities\/"},"modified":"2018-12-13T11:31:27","modified_gmt":"2018-12-13T10:31:27","slug":"oem-capabilities","status":"publish","type":"page","link":"https:\/\/www.nordiclights.com\/es\/oem-capabilities\/","title":{"rendered":"Capacidades OEM"},"content":{"rendered":"<p><span lang=\"ES\">Nordic Lights trabaja estrechamente con cada cliente de forma individual para tener en cuenta tanto sus necesidades, como su conocimiento y sus aportaciones. Combinamos todo esto con nuestra amplia experiencia y nuestras capacidades como fabricante de equipos originales (OEM, por sus siglas en ingl\u00e9s) para encontrar la mejor soluci\u00f3n que le ayude a lograr sus objetivos empresariales. Estamos firmemente convencidos de que se trata de una alianza en la que todas las partes salen ganando.<\/span><\/p>\n<p><span lang=\"ES\">Nos hemos convertido en el socio de preferencia para varios fabricantes de veh\u00edculos de carretera y todoterrenos. Nos enorgullece anunciar que nuestras luces de trabajo se han creado en colaboraci\u00f3n con l\u00edderes industriales como Caterpillar, Liebherr, Sandvik y Komatsu.<\/span><\/p>\n<p><span lang=\"ES\">Creemos que nuestro \u00e9xito no se debe a un solo factor, sino que es la suma de todos los esfuerzos que hemos realizado a lo largo de estos a\u00f1os. Basamos nuestros logros y capacidades OEM en los siguientes valores principales:<\/span><\/p>\n<h3><b><span lang=\"ES\">Profundos conocimientos en tecnolog\u00eda de iluminaci\u00f3n<\/span><\/b><b><\/b><\/h3>\n<p><span lang=\"ES\">NORDIC LIGHTS\u00ae cuenta con a\u00f1os de experiencia en el desarrollo y la fabricaci\u00f3n de luces de trabajo duraderas para maquinaria pesada. Disponemos de nuestros propios laboratorios de luz moderna y de pruebas, de departamento de I+D y del programa inform\u00e1tico de simulaci\u00f3n m\u00e1s novedoso del mercado, que nos permite dise\u00f1ar y desarrollar productos de acuerdo con nuestros est\u00e1ndares. Entre nosotros se encuentran los mejores fabricantes e ingenieros de productos, que se encuentran creando continuamente soluciones de iluminaci\u00f3n de primera clase nuevas e innovadoras. Para ofrecerle el producto adecuado seg\u00fan sus necesidades, prestamos servicios como simulaciones de luz y en 3D, posicionamiento \u00f3ptimo de la luz y recomendaciones sobre el volumen lum\u00ednico y las luces de trabajo apropiadas.<\/span><\/p>\n<h3><b><span lang=\"ES\">Innovaci\u00f3n<\/span><\/b><b><\/b><\/h3>\n<p><span lang=\"ES\">Nos caracterizamos por nuestra mentalidad curiosa y abierta. Esta actitud promueve una cultura de respeto a las personas, intercambio de ideas y trabajo en com\u00fan con el objetivo de hallar innovaciones revolucionarias. Es normal cometer errores y, de hecho, no deben entenderse como tal, sino como lecciones de las que aprender.<\/span><\/p>\n<h3><b><span lang=\"ES\">Flexibilidad<\/span><\/b><b><\/b><\/h3>\n<p><span lang=\"ES\">No nos ubicamos en una metr\u00f3polis fren\u00e9tica, sino en la maravillosa costa oeste de Finlandia. El mar agitado, los largos inviernos, los bosques infinitos y los eternos caminos rurales nos han ense\u00f1ado el significado de la flexibilidad. Nuestra prioridad es satisfacer las necesidades de cada cliente y de un mundo en constante cambio.<\/span><\/p>\n<h3><b><span lang=\"ES\">Soluciones personalizadas<\/span><\/b><b><\/b><\/h3>\n<p><span lang=\"ES\">Nos complace crear soluciones personalizadas en com\u00fan con nuestros clientes y nos enorgullecemos de la labor flexible, innovadora y eficaz que realizamos. Gracias a nuestras habilidades t\u00e9cnicas, podemos dise\u00f1ar luces de trabajo \u00fanicas y personalizadas en funci\u00f3n de sus necesidades.<\/span><\/p>\n<h3><b><span lang=\"ES\">Modo de trabajo sencillo y pr\u00e1ctico<\/span><\/b><b><\/b><\/h3>\n<p><span lang=\"ES\">Nos esforzamos por conseguir la excelencia operativa. Durante casi una d\u00e9cada, hemos utilizado la metodolog\u00eda Lean Seis Sigma en nuestro modo de trabajo, y nuestros procesos de fabricaci\u00f3n se han inspirado en los l\u00edderes del sector tecnol\u00f3gico. Por esta raz\u00f3n, contamos con una de las cadenas de producci\u00f3n m\u00e1s optimizadas de nuestro sector industrial.<\/span><\/p>\n<h3><b><span lang=\"ES\">Pensamiento orientado a la calidad<\/span><\/b><b><\/b><\/h3>\n<p><span lang=\"ES\">Nos sentimos orgullos del amplio proceso de pruebas por el que pasan todas nuestras gamas de productos. La proporci\u00f3n de fallos entre nuestros productos es m\u00ednima, ya que siempre buscamos conseguir productos de calidad y sin defectos. Ofrecemos a nuestros clientes lo mejor que tenemos.<\/span><\/p>\n<h3><b><span lang=\"ES\">Desarrollo continuo<\/span><\/b><b><\/b><\/h3>\n<p><span lang=\"ES\">El estancamiento no es una opci\u00f3n en NORDIC LIGHTS\u00ae. Siempre tratamos de ir un paso por delante y nos fijamos retos a nosotros mismos para idear formas de mejorar nuestro modo de hacer negocios.<\/span><\/p>\n<h3><b><span lang=\"ES\">Cultura de servicio<\/span><\/b><b><\/b><\/h3>\n<p><span lang=\"ES\">Creemos en ser flexibles y serviciales con nuestros clientes y nos complace hacer que su colaboraci\u00f3n con nosotros sea sencilla y agradable.<\/span><\/p>\n<h3><b><span lang=\"ES\">Visi\u00f3n global<\/span><\/b><b><\/b><\/h3>\n<p><span lang=\"ES\">La costa oeste de Finlandia siempre se ha caracterizado por la exportaci\u00f3n y adaptaci\u00f3n al mundo exterior que se encuentra al otro lado de sus fronteras. Sentimos curiosidad por las nuevas ideas y estamos abiertos a ponerlas en pr\u00e1ctica para poder utilizar el mercado global como nuestro campo de trabajo.<\/span><\/p>\n<h3><b><span lang=\"ES\">Confianza<\/span><\/b><b><\/b><\/h3>\n<p><span lang=\"ES\">Los finlandeses son famosos por su constancia y su credibilidad. Al hacer negocios con nosotros, puede estar seguro de que nuestros resultados ir\u00e1n acordes con nuestras palabras. Puede confiar en nuestra producci\u00f3n eficiente y mantener unas existencias m\u00e1s reducidas gracias a nuestro servicio de entregas puntuales.<\/span><\/p>\n<h3><b><span lang=\"ES\">Simultaneidad en nuestros procesos principales<\/span><\/b><b><\/b><\/h3>\n<p><span lang=\"ES\">Somos conscientes de que lo mejor para nuestros clientes es que ambas partes participemos conjuntamente en el desarrollo y la fabricaci\u00f3n de productos, de acuerdo con nuestros altos est\u00e1ndares. Con nuestros laboratorios de \u00faltima generaci\u00f3n, departamento de I+D y un proceso de fabricaci\u00f3n concentrado en una sola f\u00e1brica, resulta sencillo garantizar que nuestros productos cuenten con la solidez y la resistencia necesarias cuando los lanzamos al mercado.<\/span><\/p>\n<h3><b><span lang=\"ES\">Eficiencia<\/span><\/b><b><\/b><\/h3>\n<p><span lang=\"ES\">Nos avalan nuestra r\u00e1pida entrega y nuestra \u00e9tica laboral eficiente. Buscamos constantemente una mejora en nuestra maquinaria para conseguir un funcionamiento de la forma m\u00e1s rentable posible. Nos encanta trabajar para abastecer al mercado global y para que nuestros productos lleguen a su puerta en el momento oportuno. Contamos con la capacidad de utilizar el intercambio electr\u00f3nico de datos (EDI, por sus siglas en ingl\u00e9s) tanto para enviar como para recibir transacciones de este tipo. Nuestra soluci\u00f3n EDI consiste en un m\u00f3dulo incorporado en nuestro software ERP o de planificaci\u00f3n de recursos empresariales, que nos permite reducir la gesti\u00f3n manual de datos.<\/span><\/p>\n","protected":false},"excerpt":{"rendered":"<p>Nordic Lights trabaja estrechamente con cada cliente de forma individual para tener en cuenta tanto sus necesidades, como su conocimiento y sus aportaciones. Combinamos todo esto con nuestra amplia experiencia y nuestras capacidades como fabricante de equipos originales (OEM, por sus siglas en ingl\u00e9s) para encontrar la mejor soluci\u00f3n que le ayude a lograr sus [&hellip;]<\/p>\n","protected":false},"author":1,"featured_media":0,"parent":0,"menu_order":0,"comment_status":"closed","ping_status":"closed","template":"page-about.php","meta":{"_acf_changed":false,"_monsterinsights_skip_tracking":false,"_monsterinsights_sitenote_active":false,"_monsterinsights_sitenote_note":"","_monsterinsights_sitenote_category":0,"footnotes":""},"class_list":["post-3248","page","type-page","status-publish","hentry"],"acf":[],"yoast_head":"<!-- This site is optimized with the Yoast SEO plugin v27.1.1 - https:\/\/yoast.com\/product\/yoast-seo-wordpress\/ -->\n<title>OEM Capabilities - NORDIC LIGHTS\u00ae - Nordic Lights Ltd.<\/title>\n<meta name=\"description\" content=\"Your lighting solution partner. Whatever your lighting needs NORDIC LIGHTS\u00ae offer you tailored lighting solutions, know-how, teamwork, increased efficiency, quality and management.\" \/>\n<meta name=\"robots\" content=\"index, follow, max-snippet:-1, max-image-preview:large, max-video-preview:-1\" \/>\n<link rel=\"canonical\" href=\"https:\/\/www.nordiclights.com\/oem-capabilities\/\" \/>\n<meta property=\"og:locale\" content=\"es_ES\" \/>\n<meta property=\"og:type\" content=\"article\" \/>\n<meta property=\"og:title\" content=\"OEM Capabilities - NORDIC LIGHTS\u00ae - Nordic Lights Ltd.\" \/>\n<meta property=\"og:description\" content=\"Your lighting solution partner. Whatever your lighting needs NORDIC LIGHTS\u00ae offer you tailored lighting solutions, know-how, teamwork, increased efficiency, quality and management.\" \/>\n<meta property=\"og:url\" content=\"https:\/\/www.nordiclights.com\/oem-capabilities\/\" \/>\n<meta property=\"og:site_name\" content=\"NORDIC LIGHTS\u00ae - Nordic Lights Ltd.\" \/>\n<meta property=\"article:modified_time\" content=\"2018-12-13T10:31:27+00:00\" \/>\n<meta name=\"twitter:card\" content=\"summary_large_image\" \/>\n<meta name=\"twitter:label1\" content=\"Tiempo de lectura\" \/>\n\t<meta name=\"twitter:data1\" content=\"5 minutos\" \/>\n<script type=\"application\/ld+json\" class=\"yoast-schema-graph\">{\"@context\":\"https:\/\/schema.org\",\"@graph\":[{\"@type\":\"WebPage\",\"@id\":\"https:\/\/www.nordiclights.com\/oem-capabilities\/\",\"url\":\"https:\/\/www.nordiclights.com\/oem-capabilities\/\",\"name\":\"OEM Capabilities - NORDIC LIGHTS\u00ae - Nordic Lights Ltd.\",\"isPartOf\":{\"@id\":\"https:\/\/www.nordiclights.com\/ru\/#website\"},\"datePublished\":\"2017-10-09T11:52:42+00:00\",\"dateModified\":\"2018-12-13T10:31:27+00:00\",\"description\":\"Your lighting solution partner. Whatever your lighting needs NORDIC LIGHTS\u00ae offer you tailored lighting solutions, know-how, teamwork, increased efficiency, quality and management.\",\"breadcrumb\":{\"@id\":\"https:\/\/www.nordiclights.com\/oem-capabilities\/#breadcrumb\"},\"inLanguage\":\"es\",\"potentialAction\":[{\"@type\":\"ReadAction\",\"target\":[\"https:\/\/www.nordiclights.com\/oem-capabilities\/\"]}]},{\"@type\":\"BreadcrumbList\",\"@id\":\"https:\/\/www.nordiclights.com\/oem-capabilities\/#breadcrumb\",\"itemListElement\":[{\"@type\":\"ListItem\",\"position\":1,\"name\":\"Home\",\"item\":\"https:\/\/www.nordiclights.com\/es\/\"},{\"@type\":\"ListItem\",\"position\":2,\"name\":\"Capacidades OEM\"}]},{\"@type\":\"WebSite\",\"@id\":\"https:\/\/www.nordiclights.com\/ru\/#website\",\"url\":\"https:\/\/www.nordiclights.com\/ru\/\",\"name\":\"NORDIC LIGHTS\u00ae - Nordic Lights Ltd.\",\"description\":\"\",\"potentialAction\":[{\"@type\":\"SearchAction\",\"target\":{\"@type\":\"EntryPoint\",\"urlTemplate\":\"https:\/\/www.nordiclights.com\/ru\/?s={search_term_string}\"},\"query-input\":{\"@type\":\"PropertyValueSpecification\",\"valueRequired\":true,\"valueName\":\"search_term_string\"}}],\"inLanguage\":\"es\"}]}<\/script>\n<!-- \/ Yoast SEO plugin. -->","yoast_head_json":{"title":"OEM Capabilities - NORDIC LIGHTS\u00ae - Nordic Lights Ltd.","description":"Your lighting solution partner. Whatever your lighting needs NORDIC LIGHTS\u00ae offer you tailored lighting solutions, know-how, teamwork, increased efficiency, quality and management.","robots":{"index":"index","follow":"follow","max-snippet":"max-snippet:-1","max-image-preview":"max-image-preview:large","max-video-preview":"max-video-preview:-1"},"canonical":"https:\/\/www.nordiclights.com\/oem-capabilities\/","og_locale":"es_ES","og_type":"article","og_title":"OEM Capabilities - NORDIC LIGHTS\u00ae - Nordic Lights Ltd.","og_description":"Your lighting solution partner. Whatever your lighting needs NORDIC LIGHTS\u00ae offer you tailored lighting solutions, know-how, teamwork, increased efficiency, quality and management.","og_url":"https:\/\/www.nordiclights.com\/oem-capabilities\/","og_site_name":"NORDIC LIGHTS\u00ae - Nordic Lights Ltd.","article_modified_time":"2018-12-13T10:31:27+00:00","twitter_card":"summary_large_image","twitter_misc":{"Tiempo de lectura":"5 minutos"},"schema":{"@context":"https:\/\/schema.org","@graph":[{"@type":"WebPage","@id":"https:\/\/www.nordiclights.com\/oem-capabilities\/","url":"https:\/\/www.nordiclights.com\/oem-capabilities\/","name":"OEM Capabilities - NORDIC LIGHTS\u00ae - Nordic Lights Ltd.","isPartOf":{"@id":"https:\/\/www.nordiclights.com\/ru\/#website"},"datePublished":"2017-10-09T11:52:42+00:00","dateModified":"2018-12-13T10:31:27+00:00","description":"Your lighting solution partner. Whatever your lighting needs NORDIC LIGHTS\u00ae offer you tailored lighting solutions, know-how, teamwork, increased efficiency, quality and management.","breadcrumb":{"@id":"https:\/\/www.nordiclights.com\/oem-capabilities\/#breadcrumb"},"inLanguage":"es","potentialAction":[{"@type":"ReadAction","target":["https:\/\/www.nordiclights.com\/oem-capabilities\/"]}]},{"@type":"BreadcrumbList","@id":"https:\/\/www.nordiclights.com\/oem-capabilities\/#breadcrumb","itemListElement":[{"@type":"ListItem","position":1,"name":"Home","item":"https:\/\/www.nordiclights.com\/es\/"},{"@type":"ListItem","position":2,"name":"Capacidades OEM"}]},{"@type":"WebSite","@id":"https:\/\/www.nordiclights.com\/ru\/#website","url":"https:\/\/www.nordiclights.com\/ru\/","name":"NORDIC LIGHTS\u00ae - Nordic Lights Ltd.","description":"","potentialAction":[{"@type":"SearchAction","target":{"@type":"EntryPoint","urlTemplate":"https:\/\/www.nordiclights.com\/ru\/?s={search_term_string}"},"query-input":{"@type":"PropertyValueSpecification","valueRequired":true,"valueName":"search_term_string"}}],"inLanguage":"es"}]}},"_links":{"self":[{"href":"https:\/\/www.nordiclights.com\/es\/wp-json\/wp\/v2\/pages\/3248","targetHints":{"allow":["GET"]}}],"collection":[{"href":"https:\/\/www.nordiclights.com\/es\/wp-json\/wp\/v2\/pages"}],"about":[{"href":"https:\/\/www.nordiclights.com\/es\/wp-json\/wp\/v2\/types\/page"}],"author":[{"embeddable":true,"href":"https:\/\/www.nordiclights.com\/es\/wp-json\/wp\/v2\/users\/1"}],"replies":[{"embeddable":true,"href":"https:\/\/www.nordiclights.com\/es\/wp-json\/wp\/v2\/comments?post=3248"}],"version-history":[{"count":3,"href":"https:\/\/www.nordiclights.com\/es\/wp-json\/wp\/v2\/pages\/3248\/revisions"}],"predecessor-version":[{"id":15964,"href":"https:\/\/www.nordiclights.com\/es\/wp-json\/wp\/v2\/pages\/3248\/revisions\/15964"}],"wp:attachment":[{"href":"https:\/\/www.nordiclights.com\/es\/wp-json\/wp\/v2\/media?parent=3248"}],"curies":[{"name":"wp","href":"https:\/\/api.w.org\/{rel}","templated":true}]}}