{"id":4110,"date":"2018-02-14T10:02:36","date_gmt":"2018-02-14T09:02:36","guid":{"rendered":"http:\/\/stage.c7307.cloudnet.cloud\/tech-talk\/"},"modified":"2018-12-13T11:42:26","modified_gmt":"2018-12-13T10:42:26","slug":"tech-talk","status":"publish","type":"page","link":"https:\/\/www.nordiclights.com\/es\/tech-talk\/","title":{"rendered":"Nuestra tecnolog\u00eda"},"content":{"rendered":"<p><span lang=\"ES\">La innovaci\u00f3n forma parte del ADN de Herrmans Ltd. NORDIC LIGHTS\u00ae. Actualmente, la empresa dispone de un sorprendente n\u00famero de innovaciones revolucionarias entre su gama de productos de iluminaci\u00f3n moderna. Todo esto sin mencionar los fant\u00e1sticos productos de iluminaci\u00f3n para trabajos pesados que se han dise\u00f1ado y fabricado a lo largo de estos a\u00f1os.<\/span><\/p>\n<p><span lang=\"ES\">Gracias a nuestra mentalidad basada en el desarrollo y en la curiosidad, hemos adquirido un gran conocimiento t\u00e9cnico en tecnolog\u00eda led e iluminaci\u00f3n moderna, luces eficientes, l\u00e1mparas led de alta resistencia, patrones de iluminaci\u00f3n y sistemas de amortiguaci\u00f3n. Todo ello combinado con nuestra comprensi\u00f3n de las necesidades de los clientes y las normativas, estamos encantados de ayudarle a elegir la gama de luces de trabajo a su medida de NORDIC LIGHTS\u00ae que mejor se adapte a cada aplicaci\u00f3n en materia de trabajos pesados.<\/span><\/p>\n<p><span lang=\"ES\">Disponemos de nuestro propio terreno de pruebas interno para ingenieros, en el que contamos con un laboratorio de pruebas de vibraciones, un laboratorio de iluminaci\u00f3n, un laboratorio de electr\u00f3nica y un esc\u00e1ner de TC en el que dise\u00f1amos y probamos nuestros \u00faltimos productos y encontramos las mejores soluciones de iluminaci\u00f3n para trabajos pesados. Esta innovadora empresa el\u00e9ctrica de alta tecnolog\u00eda se enorgullece de los m\u00faltiples momentos que ha experimentado en su historia y que han contribuido a la consolidaci\u00f3n de lo que hoy en d\u00eda nos representa. Entonces, \u00bfpor qu\u00e9 cambiar un concepto ganador?<\/span><\/p>\n","protected":false},"excerpt":{"rendered":"<p>La innovaci\u00f3n forma parte del ADN de Herrmans Ltd. NORDIC LIGHTS\u00ae. Actualmente, la empresa dispone de un sorprendente n\u00famero de innovaciones revolucionarias entre su gama de productos de iluminaci\u00f3n moderna. Todo esto sin mencionar los fant\u00e1sticos productos de iluminaci\u00f3n para trabajos pesados que se han dise\u00f1ado y fabricado a lo largo de estos a\u00f1os. Gracias [&hellip;]<\/p>\n","protected":false},"author":3,"featured_media":0,"parent":0,"menu_order":0,"comment_status":"closed","ping_status":"closed","template":"page-about.php","meta":{"_acf_changed":false,"_monsterinsights_skip_tracking":false,"_monsterinsights_sitenote_active":false,"_monsterinsights_sitenote_note":"","_monsterinsights_sitenote_category":0,"footnotes":""},"class_list":["post-4110","page","type-page","status-publish","hentry"],"acf":[],"yoast_head":"<!-- This site is optimized with the Yoast SEO plugin v27.1.1 - https:\/\/yoast.com\/product\/yoast-seo-wordpress\/ -->\n<title>Tech Talk - NORDIC LIGHTS\u00ae - Nordic Lights Ltd.<\/title>\n<meta name=\"description\" content=\"On this page you will find more technical information and features regarding NORDIC LIGHTS\u00ae products.\" \/>\n<meta name=\"robots\" content=\"index, follow, max-snippet:-1, max-image-preview:large, max-video-preview:-1\" \/>\n<link rel=\"canonical\" href=\"https:\/\/www.nordiclights.com\/tech-talk\/\" \/>\n<meta property=\"og:locale\" content=\"es_ES\" \/>\n<meta property=\"og:type\" content=\"article\" \/>\n<meta property=\"og:title\" content=\"Tech Talk - NORDIC LIGHTS\u00ae - Nordic Lights Ltd.\" \/>\n<meta property=\"og:description\" content=\"On this page you will find more technical information and features regarding NORDIC LIGHTS\u00ae products.\" \/>\n<meta property=\"og:url\" content=\"https:\/\/www.nordiclights.com\/tech-talk\/\" \/>\n<meta property=\"og:site_name\" content=\"NORDIC LIGHTS\u00ae - Nordic Lights Ltd.\" \/>\n<meta property=\"article:modified_time\" content=\"2018-12-13T10:42:26+00:00\" \/>\n<meta name=\"twitter:card\" content=\"summary_large_image\" \/>\n<meta name=\"twitter:label1\" content=\"Tiempo de lectura\" \/>\n\t<meta name=\"twitter:data1\" content=\"1 minuto\" \/>\n<script type=\"application\/ld+json\" class=\"yoast-schema-graph\">{\"@context\":\"https:\/\/schema.org\",\"@graph\":[{\"@type\":\"WebPage\",\"@id\":\"https:\/\/www.nordiclights.com\/tech-talk\/\",\"url\":\"https:\/\/www.nordiclights.com\/tech-talk\/\",\"name\":\"Tech Talk - NORDIC LIGHTS\u00ae - Nordic Lights Ltd.\",\"isPartOf\":{\"@id\":\"https:\/\/www.nordiclights.com\/ru\/#website\"},\"datePublished\":\"2018-02-14T09:02:36+00:00\",\"dateModified\":\"2018-12-13T10:42:26+00:00\",\"description\":\"On this page you will find more technical information and features regarding NORDIC LIGHTS\u00ae products.\",\"breadcrumb\":{\"@id\":\"https:\/\/www.nordiclights.com\/tech-talk\/#breadcrumb\"},\"inLanguage\":\"es\",\"potentialAction\":[{\"@type\":\"ReadAction\",\"target\":[\"https:\/\/www.nordiclights.com\/tech-talk\/\"]}]},{\"@type\":\"BreadcrumbList\",\"@id\":\"https:\/\/www.nordiclights.com\/tech-talk\/#breadcrumb\",\"itemListElement\":[{\"@type\":\"ListItem\",\"position\":1,\"name\":\"Home\",\"item\":\"https:\/\/www.nordiclights.com\/es\/\"},{\"@type\":\"ListItem\",\"position\":2,\"name\":\"Nuestra tecnolog\u00eda\"}]},{\"@type\":\"WebSite\",\"@id\":\"https:\/\/www.nordiclights.com\/ru\/#website\",\"url\":\"https:\/\/www.nordiclights.com\/ru\/\",\"name\":\"NORDIC LIGHTS\u00ae - Nordic Lights Ltd.\",\"description\":\"\",\"potentialAction\":[{\"@type\":\"SearchAction\",\"target\":{\"@type\":\"EntryPoint\",\"urlTemplate\":\"https:\/\/www.nordiclights.com\/ru\/?s={search_term_string}\"},\"query-input\":{\"@type\":\"PropertyValueSpecification\",\"valueRequired\":true,\"valueName\":\"search_term_string\"}}],\"inLanguage\":\"es\"}]}<\/script>\n<!-- \/ Yoast SEO plugin. -->","yoast_head_json":{"title":"Tech Talk - NORDIC LIGHTS\u00ae - Nordic Lights Ltd.","description":"On this page you will find more technical information and features regarding NORDIC LIGHTS\u00ae products.","robots":{"index":"index","follow":"follow","max-snippet":"max-snippet:-1","max-image-preview":"max-image-preview:large","max-video-preview":"max-video-preview:-1"},"canonical":"https:\/\/www.nordiclights.com\/tech-talk\/","og_locale":"es_ES","og_type":"article","og_title":"Tech Talk - NORDIC LIGHTS\u00ae - Nordic Lights Ltd.","og_description":"On this page you will find more technical information and features regarding NORDIC LIGHTS\u00ae products.","og_url":"https:\/\/www.nordiclights.com\/tech-talk\/","og_site_name":"NORDIC LIGHTS\u00ae - Nordic Lights Ltd.","article_modified_time":"2018-12-13T10:42:26+00:00","twitter_card":"summary_large_image","twitter_misc":{"Tiempo de lectura":"1 minuto"},"schema":{"@context":"https:\/\/schema.org","@graph":[{"@type":"WebPage","@id":"https:\/\/www.nordiclights.com\/tech-talk\/","url":"https:\/\/www.nordiclights.com\/tech-talk\/","name":"Tech Talk - NORDIC LIGHTS\u00ae - Nordic Lights Ltd.","isPartOf":{"@id":"https:\/\/www.nordiclights.com\/ru\/#website"},"datePublished":"2018-02-14T09:02:36+00:00","dateModified":"2018-12-13T10:42:26+00:00","description":"On this page you will find more technical information and features regarding NORDIC LIGHTS\u00ae products.","breadcrumb":{"@id":"https:\/\/www.nordiclights.com\/tech-talk\/#breadcrumb"},"inLanguage":"es","potentialAction":[{"@type":"ReadAction","target":["https:\/\/www.nordiclights.com\/tech-talk\/"]}]},{"@type":"BreadcrumbList","@id":"https:\/\/www.nordiclights.com\/tech-talk\/#breadcrumb","itemListElement":[{"@type":"ListItem","position":1,"name":"Home","item":"https:\/\/www.nordiclights.com\/es\/"},{"@type":"ListItem","position":2,"name":"Nuestra tecnolog\u00eda"}]},{"@type":"WebSite","@id":"https:\/\/www.nordiclights.com\/ru\/#website","url":"https:\/\/www.nordiclights.com\/ru\/","name":"NORDIC LIGHTS\u00ae - Nordic Lights Ltd.","description":"","potentialAction":[{"@type":"SearchAction","target":{"@type":"EntryPoint","urlTemplate":"https:\/\/www.nordiclights.com\/ru\/?s={search_term_string}"},"query-input":{"@type":"PropertyValueSpecification","valueRequired":true,"valueName":"search_term_string"}}],"inLanguage":"es"}]}},"_links":{"self":[{"href":"https:\/\/www.nordiclights.com\/es\/wp-json\/wp\/v2\/pages\/4110","targetHints":{"allow":["GET"]}}],"collection":[{"href":"https:\/\/www.nordiclights.com\/es\/wp-json\/wp\/v2\/pages"}],"about":[{"href":"https:\/\/www.nordiclights.com\/es\/wp-json\/wp\/v2\/types\/page"}],"author":[{"embeddable":true,"href":"https:\/\/www.nordiclights.com\/es\/wp-json\/wp\/v2\/users\/3"}],"replies":[{"embeddable":true,"href":"https:\/\/www.nordiclights.com\/es\/wp-json\/wp\/v2\/comments?post=4110"}],"version-history":[{"count":3,"href":"https:\/\/www.nordiclights.com\/es\/wp-json\/wp\/v2\/pages\/4110\/revisions"}],"predecessor-version":[{"id":15970,"href":"https:\/\/www.nordiclights.com\/es\/wp-json\/wp\/v2\/pages\/4110\/revisions\/15970"}],"wp:attachment":[{"href":"https:\/\/www.nordiclights.com\/es\/wp-json\/wp\/v2\/media?parent=4110"}],"curies":[{"name":"wp","href":"https:\/\/api.w.org\/{rel}","templated":true}]}}