{"id":3225,"date":"2017-10-09T14:26:33","date_gmt":"2017-10-09T14:26:33","guid":{"rendered":"http:\/\/stage.c7307.cloudnet.cloud\/am-capabilities\/"},"modified":"2023-12-22T04:18:52","modified_gmt":"2023-12-22T03:18:52","slug":"am-capabilities","status":"publish","type":"page","link":"https:\/\/www.nordiclights.com\/fr\/am-capabilities\/","title":{"rendered":"Comp\u00e9tences AM"},"content":{"rendered":"<p><span lang=\"FR\">Gr\u00e2ce \u00e0 nos solutions d\u2019\u00e9clairage, nous sommes parvenus \u00e0 nous inscrire comme partenaire privil\u00e9gi\u00e9 de nombreux constructeurs de v\u00e9hicules utilitaires et tout-terrain. Nous sommes fiers de pouvoir compter plusieurs leaders de l\u2019industrie tels que Caterpillar, Liebherr, Sandvik et Komatsu parmi les soci\u00e9t\u00e9s avec lesquelles nous collaborons pour cr\u00e9er nos solutions d\u2019\u00e9clairage de travail.<\/span><\/p>\n<p><span lang=\"FR\">Nos capacit\u00e9s\u00a0AM impressionnantes permettent aux produits NORDIC\u00a0LIGHTS\u00ae d\u2019offrir une valeur de revente \u00e9lev\u00e9e, un retour sur investissement important et des d\u00e9lais de livraison fiables. En tant que partenaire polyvalent, nous sommes en mesure de vous apporter une expertise et une assistance techniques exceptionnelles. Nos distributeurs sont s\u00e9lectionn\u00e9s avec soins, ce qui leur permet de b\u00e9n\u00e9ficier d\u2019une relation exclusive.<\/span><\/p>\n<p><span lang=\"FR\">Nous proposons des solutions d\u2019\u00e9clairage LED, HID (X\u00e9non) et Halog\u00e8ne pour v\u00e9hicules industriels et tout-terrain, ainsi que des phares de conduite novateurs. Nos solutions haut de gamme sont utilis\u00e9es sur de nombreux types de machines et v\u00e9hicules dans les secteurs de l\u2019exploitation mini\u00e8re, de la construction, de la foresterie, de l\u2019agriculture, de la manutention, des poids lourds, des remorques et des urgences. Nous nous ferons un plaisir de vous pr\u00e9senter notre portefeuille de produits.<\/span><\/p>\n<p><span lang=\"FR\">Nous devons notre r\u00e9ussite non pas \u00e0 un seul facteur, mais \u00e0 l\u2019ensemble des nombreuses initiatives que nous avons men\u00e9 \u00e0 bien au fil des ans. Si nous avons pu atteindre nos objectifs et acqu\u00e9rir un vaste nombre de comp\u00e9tences\u00a0AM, c\u2019est gr\u00e2ce aux valeurs fondamentales de notre entreprise, que nous vous invitons \u00e0 d\u00e9couvrir ci-apr\u00e8s.<\/span><\/p>\n<h3><b><span lang=\"FR\">Un savoir-faire exceptionnel dans le domaine de l\u2019\u00e9clairage<\/span><\/b><b><\/b><\/h3>\n<p><span lang=\"FR\">NORDIC\u00a0LIGHTS\u00ae s\u2019appuie sur de nombreuses ann\u00e9es d\u2019exp\u00e9rience dans la conception et la fabrication de dispositifs d\u2019\u00e9clairage pour v\u00e9hicules industriels. Notre service de recherche et de d\u00e9veloppement en interne, nos laboratoires de test et de conception modernes ainsi que nos logiciels de simulation de pointe nous permettent de concevoir et de fabriquer des produits selon nos propres normes. Notre \u00e9quipe, qui rassemble les cr\u00e9ateurs et les ing\u00e9nieurs les plus talentueux au monde, ne cesse d\u2019\u00e9laborer de nouvelles solutions innovantes connues dans le monde entier. Afin de vous fournir des produits parfaitement adapt\u00e9s \u00e0 vos besoins, nous proposons des services de simulation (\u00e9clairage et mod\u00e9lisation\u00a03D), nous vous aidons \u00e0 positionner les \u00e9clairages de fa\u00e7on optimale et nous vous accompagnons dans le choix de l\u2019intensit\u00e9 lumineuse et du dispositif qu\u2019il vous faut.<\/span><\/p>\n<h3><b><span lang=\"FR\">Innovation<\/span><\/b><b><\/b><\/h3>\n<p><span lang=\"FR\">Nous pensons qu\u2019il est essentiel de faire preuve de curiosit\u00e9 et d\u2019ouverture d\u2019esprit. Une telle approche favorise une culture au sein de laquelle le respect d\u2019autrui, l\u2019\u00e9change d\u2019id\u00e9es audacieuses et la collaboration sont encourag\u00e9s, stimulant ainsi l\u2019innovation. Il n\u2019y a aucun mal \u00e0 faire des erreurs\u00a0: au contraire, cela nous permet d\u2019en tirer des le\u00e7ons essentielles.<\/span><\/p>\n<h3><b><span lang=\"FR\">Flexibilit\u00e9<\/span><\/b><b><\/b><\/h3>\n<p><span lang=\"FR\">Nous ne sommes pas bas\u00e9s dans une m\u00e9tropole au rythme effr\u00e9n\u00e9, mais sur la magnifique c\u00f4te ouest de la Finlande. La mer ondoyante, les longs hivers, les for\u00eats interminables et les routes de campagne nous ont appris \u00e0 quel point il est important de faire preuve de flexibilit\u00e9. Notre priorit\u00e9 est de r\u00e9pondre aux besoins de chaque client tout en faisant face aux d\u00e9fis d\u2019un monde en constante \u00e9volution.<\/span><\/p>\n<h3><b><span lang=\"FR\">Une m\u00e9thode de travail simple et fonctionnelle<\/span><\/b><b><\/b><\/h3>\n<p><span lang=\"FR\">Nous visons l\u2019excellence op\u00e9rationnelle. Depuis pr\u00e8s de dix ans, nous appliquons la m\u00e9thodologie Lean Six\u00a0Sigma \u00e0 nos activit\u00e9s tout en int\u00e9grant les techniques des leaders mondiaux de la technologie dans nos processus de fabrication, ce qui nous permet de proposer l\u2019une des cha\u00eenes de production les plus efficaces du secteur.<\/span><\/p>\n<h3><b><span lang=\"FR\">Priorit\u00e9 \u00e0 la qualit\u00e9<\/span><\/b><b><\/b><\/h3>\n<p><span lang=\"FR\">Toutes nos gammes de produits sont soumises \u00e0 des tests rigoureux, et nous en sommes particuli\u00e8rement fiers. Notre cha\u00eene de production affiche un taux de d\u00e9faillance extr\u00eamement faible. Nous nous effor\u00e7ons toujours d\u2019offrir des produits de qualit\u00e9 sup\u00e9rieure qui ne pr\u00e9sentent aucun d\u00e9faut. Nous souhaitons offrir le meilleur \u00e0 nos clients. Notre position en tant que fournisseur OEM de longue date t\u00e9moigne de la grande qualit\u00e9 de nos produits. En collaborant avec NORDIC\u00a0LIGHTS\u00ae, vous b\u00e9n\u00e9ficiez d\u2019une tranquillit\u00e9 in\u00e9gal\u00e9e gr\u00e2ce \u00e0 un nombre r\u00e9duit de remboursements et de retours.<\/span><\/p>\n<h3><b><span lang=\"FR\">Un perfectionnement continu<\/span><\/b><b><\/b><\/h3>\n<p><span lang=\"FR\">Chez NORDIC\u00a0LIGHTS\u00ae, la stagnation est absolument proscrite. Afin de toujours garder une longueur d\u2019avance, nous cherchons continuellement \u00e0 nous d\u00e9passer et \u00e0 am\u00e9liorer nos processus op\u00e9rationnels.<\/span><\/p>\n<h3><b><span lang=\"FR\">Un service hors pair<\/span><\/b><b><\/b><\/h3>\n<p><span lang=\"FR\">Nous pensons qu\u2019il est essentiel de faire preuve d\u2019agilit\u00e9 et de rester au service de notre client\u00e8le. Nous sommes fiers de rendre la collaboration avec nos clients aussi simple et agr\u00e9able que possible.<\/span><\/p>\n<h3><b><span lang=\"FR\">Une entreprise tourn\u00e9e vers l\u2019international<\/span><\/b><b><\/b><\/h3>\n<p><span lang=\"FR\">La c\u00f4te ouest de la Finlande a toujours \u00e9t\u00e9 un lieu ouvert sur le monde ext\u00e9rieur et propice \u00e0 l\u2019exportation. Toujours curieux et ouverts aux nouvelles id\u00e9es, nous souhaitons op\u00e9rer dans le monde entier.<\/span><\/p>\n<h3><b><span lang=\"FR\">Fiabilit\u00e9<\/span><\/b><b><\/b><\/h3>\n<p><span lang=\"FR\">Les Finlandais sont notoirement connus pour leur pers\u00e9v\u00e9rance et leur fiabilit\u00e9. En collaborant avec nous, vous avez l\u2019assurance que chaque discussion donnera lieu \u00e0 des actions concr\u00e8tes. Faites confiance \u00e0 l\u2019efficacit\u00e9 de notre cha\u00eene de production et r\u00e9duisez vos niveaux de stocks gr\u00e2ce \u00e0 notre syst\u00e8me de livraison en juste-\u00e0-temps.<\/span><\/p>\n<h3><b><span lang=\"FR\">Des processus cl\u00e9s \u00e9troitement int\u00e9gr\u00e9s<\/span><\/b><b><\/b><\/h3>\n<p><span lang=\"FR\">Nous sommes persuad\u00e9s qu\u2019en concevant et en fabriquant nos produits en interne selon des normes strictes qui nous sont propres, nous agissons dans le meilleur int\u00e9r\u00eat de nos clients. Notre service de recherche et d\u00e9veloppement, nos laboratoires de pointe et notre cha\u00eene de fabrication se situent tous sur le m\u00eame site, ce qui nous permet de mettre des produits robustes et durables entre vos mains.<\/span><\/p>\n<h3><b><span lang=\"FR\">Efficacit\u00e9<\/span><\/b><b><\/b><\/h3>\n<p><span lang=\"FR\">Nous sommes fiers de la rapidit\u00e9 de nos livraisons et de l\u2019efficacit\u00e9 de notre m\u00e9thode de travail. Nous am\u00e9liorons constamment nos \u00e9quipements pour assurer le meilleur rendement possible. Nous prenons plaisir \u00e0 op\u00e9rer \u00e0 l\u2019\u00e9chelle internationale tout en proposant des livraisons de produits dans les meilleurs d\u00e9lais.<\/span><\/p>\n","protected":false},"excerpt":{"rendered":"<p>Gr\u00e2ce \u00e0 nos solutions d\u2019\u00e9clairage, nous sommes parvenus \u00e0 nous inscrire comme partenaire privil\u00e9gi\u00e9 de nombreux constructeurs de v\u00e9hicules utilitaires et tout-terrain. Nous sommes fiers de pouvoir compter plusieurs leaders de l\u2019industrie tels que Caterpillar, Liebherr, Sandvik et Komatsu parmi les soci\u00e9t\u00e9s avec lesquelles nous collaborons pour cr\u00e9er nos solutions d\u2019\u00e9clairage de travail. Nos capacit\u00e9s\u00a0AM [&hellip;]<\/p>\n","protected":false},"author":1,"featured_media":0,"parent":0,"menu_order":0,"comment_status":"closed","ping_status":"closed","template":"page-about.php","meta":{"_acf_changed":false,"_monsterinsights_skip_tracking":false,"_monsterinsights_sitenote_active":false,"_monsterinsights_sitenote_note":"","_monsterinsights_sitenote_category":0,"footnotes":""},"class_list":["post-3225","page","type-page","status-publish","hentry"],"acf":[],"yoast_head":"<!-- This site is optimized with the Yoast SEO plugin v26.6 - https:\/\/yoast.com\/wordpress\/plugins\/seo\/ -->\n<title>AM Capabilities - NORDIC LIGHTS\u00ae - Nordic Lights Ltd.<\/title>\n<meta name=\"description\" content=\"Distributing NORDIC LIGHTS\u00ae products gives you eye-catching packages, quality products with less refunds, shorter delivery times and flexibility, together with a good return on investment.\" \/>\n<meta name=\"robots\" content=\"index, follow, max-snippet:-1, max-image-preview:large, max-video-preview:-1\" \/>\n<link rel=\"canonical\" href=\"https:\/\/www.nordiclights.com\/aftermarket-sales\/\" \/>\n<meta property=\"og:locale\" content=\"fr_FR\" \/>\n<meta property=\"og:type\" content=\"article\" \/>\n<meta property=\"og:title\" content=\"AM Capabilities - NORDIC LIGHTS\u00ae - Nordic Lights Ltd.\" \/>\n<meta property=\"og:description\" content=\"Distributing NORDIC LIGHTS\u00ae products gives you eye-catching packages, quality products with less refunds, shorter delivery times and flexibility, together with a good return on investment.\" \/>\n<meta property=\"og:url\" content=\"https:\/\/www.nordiclights.com\/aftermarket-sales\/\" \/>\n<meta property=\"og:site_name\" content=\"NORDIC LIGHTS\u00ae - Nordic Lights Ltd.\" \/>\n<meta property=\"article:modified_time\" content=\"2023-12-22T03:18:52+00:00\" \/>\n<meta name=\"twitter:card\" content=\"summary_large_image\" \/>\n<meta name=\"twitter:label1\" content=\"Dur\u00e9e de lecture estim\u00e9e\" \/>\n\t<meta name=\"twitter:data1\" content=\"5 minutes\" \/>\n<script type=\"application\/ld+json\" class=\"yoast-schema-graph\">{\"@context\":\"https:\/\/schema.org\",\"@graph\":[{\"@type\":\"WebPage\",\"@id\":\"https:\/\/www.nordiclights.com\/aftermarket-sales\/\",\"url\":\"https:\/\/www.nordiclights.com\/aftermarket-sales\/\",\"name\":\"AM Capabilities - NORDIC LIGHTS\u00ae - Nordic Lights Ltd.\",\"isPartOf\":{\"@id\":\"https:\/\/www.nordiclights.com\/ru\/#website\"},\"datePublished\":\"2017-10-09T14:26:33+00:00\",\"dateModified\":\"2023-12-22T03:18:52+00:00\",\"description\":\"Distributing NORDIC LIGHTS\u00ae products gives you eye-catching packages, quality products with less refunds, shorter delivery times and flexibility, together with a good return on investment.\",\"breadcrumb\":{\"@id\":\"https:\/\/www.nordiclights.com\/aftermarket-sales\/#breadcrumb\"},\"inLanguage\":\"fr-FR\",\"potentialAction\":[{\"@type\":\"ReadAction\",\"target\":[\"https:\/\/www.nordiclights.com\/aftermarket-sales\/\"]}]},{\"@type\":\"BreadcrumbList\",\"@id\":\"https:\/\/www.nordiclights.com\/aftermarket-sales\/#breadcrumb\",\"itemListElement\":[{\"@type\":\"ListItem\",\"position\":1,\"name\":\"Home\",\"item\":\"https:\/\/www.nordiclights.com\/fr\/\"},{\"@type\":\"ListItem\",\"position\":2,\"name\":\"Comp\u00e9tences AM\"}]},{\"@type\":\"WebSite\",\"@id\":\"https:\/\/www.nordiclights.com\/ru\/#website\",\"url\":\"https:\/\/www.nordiclights.com\/ru\/\",\"name\":\"NORDIC LIGHTS\u00ae - Nordic Lights Ltd.\",\"description\":\"\",\"potentialAction\":[{\"@type\":\"SearchAction\",\"target\":{\"@type\":\"EntryPoint\",\"urlTemplate\":\"https:\/\/www.nordiclights.com\/ru\/?s={search_term_string}\"},\"query-input\":{\"@type\":\"PropertyValueSpecification\",\"valueRequired\":true,\"valueName\":\"search_term_string\"}}],\"inLanguage\":\"fr-FR\"}]}<\/script>\n<!-- \/ Yoast SEO plugin. -->","yoast_head_json":{"title":"AM Capabilities - NORDIC LIGHTS\u00ae - Nordic Lights Ltd.","description":"Distributing NORDIC LIGHTS\u00ae products gives you eye-catching packages, quality products with less refunds, shorter delivery times and flexibility, together with a good return on investment.","robots":{"index":"index","follow":"follow","max-snippet":"max-snippet:-1","max-image-preview":"max-image-preview:large","max-video-preview":"max-video-preview:-1"},"canonical":"https:\/\/www.nordiclights.com\/aftermarket-sales\/","og_locale":"fr_FR","og_type":"article","og_title":"AM Capabilities - NORDIC LIGHTS\u00ae - Nordic Lights Ltd.","og_description":"Distributing NORDIC LIGHTS\u00ae products gives you eye-catching packages, quality products with less refunds, shorter delivery times and flexibility, together with a good return on investment.","og_url":"https:\/\/www.nordiclights.com\/aftermarket-sales\/","og_site_name":"NORDIC LIGHTS\u00ae - Nordic Lights Ltd.","article_modified_time":"2023-12-22T03:18:52+00:00","twitter_card":"summary_large_image","twitter_misc":{"Dur\u00e9e de lecture estim\u00e9e":"5 minutes"},"schema":{"@context":"https:\/\/schema.org","@graph":[{"@type":"WebPage","@id":"https:\/\/www.nordiclights.com\/aftermarket-sales\/","url":"https:\/\/www.nordiclights.com\/aftermarket-sales\/","name":"AM Capabilities - NORDIC LIGHTS\u00ae - Nordic Lights Ltd.","isPartOf":{"@id":"https:\/\/www.nordiclights.com\/ru\/#website"},"datePublished":"2017-10-09T14:26:33+00:00","dateModified":"2023-12-22T03:18:52+00:00","description":"Distributing NORDIC LIGHTS\u00ae products gives you eye-catching packages, quality products with less refunds, shorter delivery times and flexibility, together with a good return on investment.","breadcrumb":{"@id":"https:\/\/www.nordiclights.com\/aftermarket-sales\/#breadcrumb"},"inLanguage":"fr-FR","potentialAction":[{"@type":"ReadAction","target":["https:\/\/www.nordiclights.com\/aftermarket-sales\/"]}]},{"@type":"BreadcrumbList","@id":"https:\/\/www.nordiclights.com\/aftermarket-sales\/#breadcrumb","itemListElement":[{"@type":"ListItem","position":1,"name":"Home","item":"https:\/\/www.nordiclights.com\/fr\/"},{"@type":"ListItem","position":2,"name":"Comp\u00e9tences AM"}]},{"@type":"WebSite","@id":"https:\/\/www.nordiclights.com\/ru\/#website","url":"https:\/\/www.nordiclights.com\/ru\/","name":"NORDIC LIGHTS\u00ae - Nordic Lights Ltd.","description":"","potentialAction":[{"@type":"SearchAction","target":{"@type":"EntryPoint","urlTemplate":"https:\/\/www.nordiclights.com\/ru\/?s={search_term_string}"},"query-input":{"@type":"PropertyValueSpecification","valueRequired":true,"valueName":"search_term_string"}}],"inLanguage":"fr-FR"}]}},"_links":{"self":[{"href":"https:\/\/www.nordiclights.com\/fr\/wp-json\/wp\/v2\/pages\/3225","targetHints":{"allow":["GET"]}}],"collection":[{"href":"https:\/\/www.nordiclights.com\/fr\/wp-json\/wp\/v2\/pages"}],"about":[{"href":"https:\/\/www.nordiclights.com\/fr\/wp-json\/wp\/v2\/types\/page"}],"author":[{"embeddable":true,"href":"https:\/\/www.nordiclights.com\/fr\/wp-json\/wp\/v2\/users\/1"}],"replies":[{"embeddable":true,"href":"https:\/\/www.nordiclights.com\/fr\/wp-json\/wp\/v2\/comments?post=3225"}],"version-history":[{"count":5,"href":"https:\/\/www.nordiclights.com\/fr\/wp-json\/wp\/v2\/pages\/3225\/revisions"}],"predecessor-version":[{"id":28385,"href":"https:\/\/www.nordiclights.com\/fr\/wp-json\/wp\/v2\/pages\/3225\/revisions\/28385"}],"wp:attachment":[{"href":"https:\/\/www.nordiclights.com\/fr\/wp-json\/wp\/v2\/media?parent=3225"}],"curies":[{"name":"wp","href":"https:\/\/api.w.org\/{rel}","templated":true}]}}