{"id":4105,"date":"2018-02-14T10:02:36","date_gmt":"2018-02-14T09:02:36","guid":{"rendered":"http:\/\/stage.c7307.cloudnet.cloud\/tech-talk\/"},"modified":"2018-12-13T13:09:24","modified_gmt":"2018-12-13T12:09:24","slug":"tech-talk","status":"publish","type":"page","link":"https:\/\/www.nordiclights.com\/fr\/tech-talk\/","title":{"rendered":"Tech Talk"},"content":{"rendered":"<p><span lang=\"FR\">Chez Herrmans\u00a0Ltd. NORDIC\u00a0LIGHTS\u00ae, l\u2019innovation est au c\u0153ur de notre ADN. Aujourd\u2019hui, l\u2019entreprise propose un nombre incalculable d\u2019innovations r\u00e9volutionnaires au sein de son offre de produits haut de gamme\u00a0; et c\u2019est sans oublier tous les incroyables produits d\u2019\u00e9clairage pour usage intensif con\u00e7us et fabriqu\u00e9s au fil des ans.<\/span><\/p>\n<p><span lang=\"FR\">Gr\u00e2ce \u00e0 nos recherches et \u00e0 notre curiosit\u00e9 d\u2019esprit, nous avons acquis un vaste savoir-faire dans les solutions et technologies d\u2019\u00e9clairage, l\u2019optique, les motifs d\u2019\u00e9clairage et les syst\u00e8mes d\u2019amortissement. En combinant ces comp\u00e9tences \u00e0 notre parfaite compr\u00e9hension des r\u00e9glementations et des exigences de nos clients, nous serons heureux de vous aider \u00e0 choisir les feux de travail \u00e0 LED NORDIC\u00a0LIGHTS\u00ae les mieux adapt\u00e9s \u00e0 tout usage intensif.<\/span><\/p>\n<p><span lang=\"FR\">Nous disposons de notre propre laboratoire o\u00f9 nos ing\u00e9nieurs con\u00e7oivent et mettent \u00e0 l\u2019essai nos derniers produits, en les soumettant notamment \u00e0 des tests de r\u00e9sistance aux vibrations, des tests d\u2019\u00e9clairage, des tests de fonctionnement des syst\u00e8mes \u00e9lectroniques et des analyses par tomodensitom\u00e9trie. C\u2019est ainsi que nous parvenons \u00e0 mettre au point les meilleures solutions d\u2019\u00e9clairage \u00e0 usage intensif au monde. Notre soci\u00e9t\u00e9 innovante et pionni\u00e8re des technologies de pointe a \u00e9t\u00e9 le th\u00e9\u00e2tre de nombreux moments de fiert\u00e9 qui ont forg\u00e9 la renomm\u00e9e de notre soci\u00e9t\u00e9 telle qu\u2019on la conna\u00eet aujourd\u2019hui. Pourquoi changer une recette qui fonctionne aussi bien\u00a0?<\/span><\/p>\n","protected":false},"excerpt":{"rendered":"<p>Chez Herrmans\u00a0Ltd. NORDIC\u00a0LIGHTS\u00ae, l\u2019innovation est au c\u0153ur de notre ADN. Aujourd\u2019hui, l\u2019entreprise propose un nombre incalculable d\u2019innovations r\u00e9volutionnaires au sein de son offre de produits haut de gamme\u00a0; et c\u2019est sans oublier tous les incroyables produits d\u2019\u00e9clairage pour usage intensif con\u00e7us et fabriqu\u00e9s au fil des ans. Gr\u00e2ce \u00e0 nos recherches et \u00e0 notre curiosit\u00e9 [&hellip;]<\/p>\n","protected":false},"author":3,"featured_media":0,"parent":0,"menu_order":0,"comment_status":"closed","ping_status":"closed","template":"page-about.php","meta":{"_acf_changed":false,"_monsterinsights_skip_tracking":false,"_monsterinsights_sitenote_active":false,"_monsterinsights_sitenote_note":"","_monsterinsights_sitenote_category":0,"footnotes":""},"class_list":["post-4105","page","type-page","status-publish","hentry"],"acf":[],"yoast_head":"<!-- This site is optimized with the Yoast SEO plugin v26.6 - https:\/\/yoast.com\/wordpress\/plugins\/seo\/ -->\n<title>Tech Talk - NORDIC LIGHTS\u00ae - Nordic Lights Ltd.<\/title>\n<meta name=\"description\" content=\"On this page you will find more technical information and features regarding NORDIC LIGHTS\u00ae products.\" \/>\n<meta name=\"robots\" content=\"index, follow, max-snippet:-1, max-image-preview:large, max-video-preview:-1\" \/>\n<link rel=\"canonical\" href=\"https:\/\/www.nordiclights.com\/fr\/tech-talk\/\" \/>\n<meta property=\"og:locale\" content=\"fr_FR\" \/>\n<meta property=\"og:type\" content=\"article\" \/>\n<meta property=\"og:title\" content=\"Tech Talk - NORDIC LIGHTS\u00ae - Nordic Lights Ltd.\" \/>\n<meta property=\"og:description\" content=\"On this page you will find more technical information and features regarding NORDIC LIGHTS\u00ae products.\" \/>\n<meta property=\"og:url\" content=\"https:\/\/www.nordiclights.com\/fr\/tech-talk\/\" \/>\n<meta property=\"og:site_name\" content=\"NORDIC LIGHTS\u00ae - Nordic Lights Ltd.\" \/>\n<meta property=\"article:modified_time\" content=\"2018-12-13T12:09:24+00:00\" \/>\n<meta name=\"twitter:card\" content=\"summary_large_image\" \/>\n<meta name=\"twitter:label1\" content=\"Dur\u00e9e de lecture estim\u00e9e\" \/>\n\t<meta name=\"twitter:data1\" content=\"1 minute\" \/>\n<script type=\"application\/ld+json\" class=\"yoast-schema-graph\">{\"@context\":\"https:\/\/schema.org\",\"@graph\":[{\"@type\":\"WebPage\",\"@id\":\"https:\/\/www.nordiclights.com\/fr\/tech-talk\/\",\"url\":\"https:\/\/www.nordiclights.com\/fr\/tech-talk\/\",\"name\":\"Tech Talk - NORDIC LIGHTS\u00ae - Nordic Lights Ltd.\",\"isPartOf\":{\"@id\":\"https:\/\/www.nordiclights.com\/ru\/#website\"},\"datePublished\":\"2018-02-14T09:02:36+00:00\",\"dateModified\":\"2018-12-13T12:09:24+00:00\",\"description\":\"On this page you will find more technical information and features regarding NORDIC LIGHTS\u00ae products.\",\"breadcrumb\":{\"@id\":\"https:\/\/www.nordiclights.com\/fr\/tech-talk\/#breadcrumb\"},\"inLanguage\":\"fr-FR\",\"potentialAction\":[{\"@type\":\"ReadAction\",\"target\":[\"https:\/\/www.nordiclights.com\/fr\/tech-talk\/\"]}]},{\"@type\":\"BreadcrumbList\",\"@id\":\"https:\/\/www.nordiclights.com\/fr\/tech-talk\/#breadcrumb\",\"itemListElement\":[{\"@type\":\"ListItem\",\"position\":1,\"name\":\"Home\",\"item\":\"https:\/\/www.nordiclights.com\/fr\/\"},{\"@type\":\"ListItem\",\"position\":2,\"name\":\"Tech Talk\"}]},{\"@type\":\"WebSite\",\"@id\":\"https:\/\/www.nordiclights.com\/ru\/#website\",\"url\":\"https:\/\/www.nordiclights.com\/ru\/\",\"name\":\"NORDIC LIGHTS\u00ae - Nordic Lights Ltd.\",\"description\":\"\",\"potentialAction\":[{\"@type\":\"SearchAction\",\"target\":{\"@type\":\"EntryPoint\",\"urlTemplate\":\"https:\/\/www.nordiclights.com\/ru\/?s={search_term_string}\"},\"query-input\":{\"@type\":\"PropertyValueSpecification\",\"valueRequired\":true,\"valueName\":\"search_term_string\"}}],\"inLanguage\":\"fr-FR\"}]}<\/script>\n<!-- \/ Yoast SEO plugin. -->","yoast_head_json":{"title":"Tech Talk - NORDIC LIGHTS\u00ae - Nordic Lights Ltd.","description":"On this page you will find more technical information and features regarding NORDIC LIGHTS\u00ae products.","robots":{"index":"index","follow":"follow","max-snippet":"max-snippet:-1","max-image-preview":"max-image-preview:large","max-video-preview":"max-video-preview:-1"},"canonical":"https:\/\/www.nordiclights.com\/fr\/tech-talk\/","og_locale":"fr_FR","og_type":"article","og_title":"Tech Talk - NORDIC LIGHTS\u00ae - Nordic Lights Ltd.","og_description":"On this page you will find more technical information and features regarding NORDIC LIGHTS\u00ae products.","og_url":"https:\/\/www.nordiclights.com\/fr\/tech-talk\/","og_site_name":"NORDIC LIGHTS\u00ae - Nordic Lights Ltd.","article_modified_time":"2018-12-13T12:09:24+00:00","twitter_card":"summary_large_image","twitter_misc":{"Dur\u00e9e de lecture estim\u00e9e":"1 minute"},"schema":{"@context":"https:\/\/schema.org","@graph":[{"@type":"WebPage","@id":"https:\/\/www.nordiclights.com\/fr\/tech-talk\/","url":"https:\/\/www.nordiclights.com\/fr\/tech-talk\/","name":"Tech Talk - NORDIC LIGHTS\u00ae - Nordic Lights Ltd.","isPartOf":{"@id":"https:\/\/www.nordiclights.com\/ru\/#website"},"datePublished":"2018-02-14T09:02:36+00:00","dateModified":"2018-12-13T12:09:24+00:00","description":"On this page you will find more technical information and features regarding NORDIC LIGHTS\u00ae products.","breadcrumb":{"@id":"https:\/\/www.nordiclights.com\/fr\/tech-talk\/#breadcrumb"},"inLanguage":"fr-FR","potentialAction":[{"@type":"ReadAction","target":["https:\/\/www.nordiclights.com\/fr\/tech-talk\/"]}]},{"@type":"BreadcrumbList","@id":"https:\/\/www.nordiclights.com\/fr\/tech-talk\/#breadcrumb","itemListElement":[{"@type":"ListItem","position":1,"name":"Home","item":"https:\/\/www.nordiclights.com\/fr\/"},{"@type":"ListItem","position":2,"name":"Tech Talk"}]},{"@type":"WebSite","@id":"https:\/\/www.nordiclights.com\/ru\/#website","url":"https:\/\/www.nordiclights.com\/ru\/","name":"NORDIC LIGHTS\u00ae - Nordic Lights Ltd.","description":"","potentialAction":[{"@type":"SearchAction","target":{"@type":"EntryPoint","urlTemplate":"https:\/\/www.nordiclights.com\/ru\/?s={search_term_string}"},"query-input":{"@type":"PropertyValueSpecification","valueRequired":true,"valueName":"search_term_string"}}],"inLanguage":"fr-FR"}]}},"_links":{"self":[{"href":"https:\/\/www.nordiclights.com\/fr\/wp-json\/wp\/v2\/pages\/4105","targetHints":{"allow":["GET"]}}],"collection":[{"href":"https:\/\/www.nordiclights.com\/fr\/wp-json\/wp\/v2\/pages"}],"about":[{"href":"https:\/\/www.nordiclights.com\/fr\/wp-json\/wp\/v2\/types\/page"}],"author":[{"embeddable":true,"href":"https:\/\/www.nordiclights.com\/fr\/wp-json\/wp\/v2\/users\/3"}],"replies":[{"embeddable":true,"href":"https:\/\/www.nordiclights.com\/fr\/wp-json\/wp\/v2\/comments?post=4105"}],"version-history":[{"count":3,"href":"https:\/\/www.nordiclights.com\/fr\/wp-json\/wp\/v2\/pages\/4105\/revisions"}],"predecessor-version":[{"id":15997,"href":"https:\/\/www.nordiclights.com\/fr\/wp-json\/wp\/v2\/pages\/4105\/revisions\/15997"}],"wp:attachment":[{"href":"https:\/\/www.nordiclights.com\/fr\/wp-json\/wp\/v2\/media?parent=4105"}],"curies":[{"name":"wp","href":"https:\/\/api.w.org\/{rel}","templated":true}]}}