{"id":3223,"date":"2017-10-09T09:56:05","date_gmt":"2017-10-09T09:56:05","guid":{"rendered":"http:\/\/stage.c7307.cloudnet.cloud\/about-us\/"},"modified":"2024-01-26T11:07:01","modified_gmt":"2024-01-26T10:07:01","slug":"about-us","status":"publish","type":"page","link":"https:\/\/www.nordiclights.com\/pt-pt\/about-us\/","title":{"rendered":"Sobre n\u00f3s"},"content":{"rendered":"<p><span lang=\"PT-BR\">Ao trabalhar conosco, h\u00e1 algo que voc\u00ea precisa saber: suas necessidades s\u00e3o \u00fanicas e n\u00e3o ser\u00e3o ignoradas. Sabemos como \u00e9 viver em condi\u00e7\u00f5es extremas e nos orgulhamos em oferecer solu\u00e7\u00f5es em ilumina\u00e7\u00e3o para trabalhos pesados que realmente funcionam para o seu tipo espec\u00edfico de neg\u00f3cio com equipamentos pesados.<\/span><\/p>\n<h3><b><span lang=\"PT-BR\">Produzimos far\u00f3is incrivelmente dur\u00e1veis para trabalhos com equipamentos pesados<\/span><\/b><b><\/b><\/h3>\n<p><span lang=\"PT-BR\">Fundada em 1992, essa inovadora e sofisticada pot\u00eancia testemunhou muitos momentos de orgulho em sua hist\u00f3ria que transformaram o Nordic Lights Ltd. no que este \u00e9 hoje. Hoje, o NORDIC LIGHTS\u00ae pode afirmar ser a melhor produtora mundial de far\u00f3is para ve\u00edculos pesados. Temos nosso pr\u00f3prio parque interno para engenheiros, com um laborat\u00f3rio de testes de vibra\u00e7\u00e3o, um laborat\u00f3rio de far\u00f3is, um laborat\u00f3rio de eletr\u00f4nica e um tom\u00f3grafo, onde desenvolvemos e testamos nossos mais recentes produtos.<\/span><\/p>\n<h3><b><span lang=\"PT-BR\">\u2026 com uma distribui\u00e7\u00e3o de luz uniforme<\/span><\/b><b><\/b><\/h3>\n<p><span lang=\"PT-BR\">Antes de ser aprovado nas inspe\u00e7\u00f5es, todos os novos produtos s\u00e3o submetidos a testes exaustivos. Esses testes incluem fluxo de l\u00famens emitido pela l\u00e2mpada e a distribui\u00e7\u00e3o de luz, vibra\u00e7\u00e3o e choque, poeira e umidade, exposi\u00e7\u00e3o ao calor e ao frio, ciclos t\u00e9rmicos, prote\u00e7\u00e3o t\u00e9rmica, compatibilidade eletromagn\u00e9tica, total funcionalidade, condi\u00e7\u00f5es anormais, resist\u00eancia a produtos qu\u00edmicos e usabilidade. Ap\u00f3s a conclus\u00e3o da inspe\u00e7\u00e3o, podemos ter orgulho de apresentar nossos far\u00f3is mais dur\u00e1veis, que disp\u00f5em de uma distribui\u00e7\u00e3o de luz uniforme e um padr\u00e3o de ilumina\u00e7\u00e3o que atende \u00e0s suas necessidades. <\/span><\/p>\n<h3><b><span lang=\"PT-BR\">Compet\u00eancia finlandesa em far\u00f3is<\/span><\/b><b><\/b><\/h3>\n<p><span lang=\"PT-BR\">A Nordic Lights Ltd., A <a href=\"https:\/\/methode.com\/\" target=\"_blank\" rel=\"noopener\">Methode Electronics<\/a> company, produz ilumina\u00e7\u00e3o de alta qualidade para trabalho e ve\u00edculos de alta tecnologia para ve\u00edculos pesados nos setores de minera\u00e7\u00e3o, constru\u00e7\u00e3o, silvicultura, manuseio de carga e agricultura. A colabora\u00e7\u00e3o produtiva junto a nossos parceiros em diferentes ramos da ind\u00fastria e os cont\u00ednuos investimentos estrat\u00e9gicos em nosso pr\u00f3prio departamento de P&amp;D, laborat\u00f3rios e o que h\u00e1 de mais recente em software de simula\u00e7\u00e3o fizeram de n\u00f3s especialistas em tecnologia de ilumina\u00e7\u00e3o.<\/span><\/p>\n<p><span lang=\"PT-BR\">Possu\u00edmos certifica\u00e7\u00e3o ISO 9001 e ISO 14001, e nosso sistema de gest\u00e3o de qualidade abrange todos os principais processos. Nossos far\u00f3is s\u00e3o o que h\u00e1 de melhor internacionalmente em seus respectivos setores, e s\u00e3o produzidos em coopera\u00e7\u00e3o com nossos clientes, que inclui l\u00edderes como Caterpillar, John Deere, Liebherr, Sandvik e Komatsu.<\/span><\/p>\n","protected":false},"excerpt":{"rendered":"<p>Ao trabalhar conosco, h\u00e1 algo que voc\u00ea precisa saber: suas necessidades s\u00e3o \u00fanicas e n\u00e3o ser\u00e3o ignoradas. Sabemos como \u00e9 viver em condi\u00e7\u00f5es extremas e nos orgulhamos em oferecer solu\u00e7\u00f5es em ilumina\u00e7\u00e3o para trabalhos pesados que realmente funcionam para o seu tipo espec\u00edfico de neg\u00f3cio com equipamentos pesados. Produzimos far\u00f3is incrivelmente dur\u00e1veis para trabalhos com [&hellip;]<\/p>\n","protected":false},"author":1,"featured_media":0,"parent":0,"menu_order":0,"comment_status":"closed","ping_status":"closed","template":"page-about.php","meta":{"_acf_changed":false,"_monsterinsights_skip_tracking":false,"_monsterinsights_sitenote_active":false,"_monsterinsights_sitenote_note":"","_monsterinsights_sitenote_category":0,"footnotes":""},"class_list":["post-3223","page","type-page","status-publish","hentry"],"acf":[],"yoast_head":"<!-- This site is optimized with the Yoast SEO plugin v26.6 - https:\/\/yoast.com\/wordpress\/plugins\/seo\/ -->\n<title>About us - NORDIC LIGHTS\u00ae - Nordic Lights Ltd.<\/title>\n<meta name=\"description\" content=\"The success of NORDIC LIGHTS\u00ae products is based on their durability. This is the number one criterion for our customers. Hence, our slogan: \u201cLights for Heavy Duty\u201d.\" \/>\n<meta name=\"robots\" content=\"index, follow, max-snippet:-1, max-image-preview:large, max-video-preview:-1\" \/>\n<link rel=\"canonical\" href=\"https:\/\/www.nordiclights.com\/about-us\/\" \/>\n<meta property=\"og:locale\" content=\"pt_PT\" \/>\n<meta property=\"og:type\" content=\"article\" \/>\n<meta property=\"og:title\" content=\"About us - NORDIC LIGHTS\u00ae - Nordic Lights Ltd.\" \/>\n<meta property=\"og:description\" content=\"The success of NORDIC LIGHTS\u00ae products is based on their durability. This is the number one criterion for our customers. Hence, our slogan: \u201cLights for Heavy Duty\u201d.\" \/>\n<meta property=\"og:url\" content=\"https:\/\/www.nordiclights.com\/about-us\/\" \/>\n<meta property=\"og:site_name\" content=\"NORDIC LIGHTS\u00ae - Nordic Lights Ltd.\" \/>\n<meta property=\"article:modified_time\" content=\"2024-01-26T10:07:01+00:00\" \/>\n<meta name=\"twitter:card\" content=\"summary_large_image\" \/>\n<meta name=\"twitter:label1\" content=\"Tempo estimado de leitura\" \/>\n\t<meta name=\"twitter:data1\" content=\"2 minutos\" \/>\n<script type=\"application\/ld+json\" class=\"yoast-schema-graph\">{\"@context\":\"https:\/\/schema.org\",\"@graph\":[{\"@type\":\"WebPage\",\"@id\":\"https:\/\/www.nordiclights.com\/about-us\/\",\"url\":\"https:\/\/www.nordiclights.com\/about-us\/\",\"name\":\"About us - NORDIC LIGHTS\u00ae - Nordic Lights Ltd.\",\"isPartOf\":{\"@id\":\"https:\/\/www.nordiclights.com\/ru\/#website\"},\"datePublished\":\"2017-10-09T09:56:05+00:00\",\"dateModified\":\"2024-01-26T10:07:01+00:00\",\"description\":\"The success of NORDIC LIGHTS\u00ae products is based on their durability. This is the number one criterion for our customers. Hence, our slogan: \u201cLights for Heavy Duty\u201d.\",\"breadcrumb\":{\"@id\":\"https:\/\/www.nordiclights.com\/about-us\/#breadcrumb\"},\"inLanguage\":\"pt-PT\",\"potentialAction\":[{\"@type\":\"ReadAction\",\"target\":[\"https:\/\/www.nordiclights.com\/about-us\/\"]}]},{\"@type\":\"BreadcrumbList\",\"@id\":\"https:\/\/www.nordiclights.com\/about-us\/#breadcrumb\",\"itemListElement\":[{\"@type\":\"ListItem\",\"position\":1,\"name\":\"Home\",\"item\":\"https:\/\/www.nordiclights.com\/pt-pt\/\"},{\"@type\":\"ListItem\",\"position\":2,\"name\":\"Sobre n\u00f3s\"}]},{\"@type\":\"WebSite\",\"@id\":\"https:\/\/www.nordiclights.com\/ru\/#website\",\"url\":\"https:\/\/www.nordiclights.com\/ru\/\",\"name\":\"NORDIC LIGHTS\u00ae - Nordic Lights Ltd.\",\"description\":\"\",\"potentialAction\":[{\"@type\":\"SearchAction\",\"target\":{\"@type\":\"EntryPoint\",\"urlTemplate\":\"https:\/\/www.nordiclights.com\/ru\/?s={search_term_string}\"},\"query-input\":{\"@type\":\"PropertyValueSpecification\",\"valueRequired\":true,\"valueName\":\"search_term_string\"}}],\"inLanguage\":\"pt-PT\"}]}<\/script>\n<!-- \/ Yoast SEO plugin. -->","yoast_head_json":{"title":"About us - NORDIC LIGHTS\u00ae - Nordic Lights Ltd.","description":"The success of NORDIC LIGHTS\u00ae products is based on their durability. This is the number one criterion for our customers. Hence, our slogan: \u201cLights for Heavy Duty\u201d.","robots":{"index":"index","follow":"follow","max-snippet":"max-snippet:-1","max-image-preview":"max-image-preview:large","max-video-preview":"max-video-preview:-1"},"canonical":"https:\/\/www.nordiclights.com\/about-us\/","og_locale":"pt_PT","og_type":"article","og_title":"About us - NORDIC LIGHTS\u00ae - Nordic Lights Ltd.","og_description":"The success of NORDIC LIGHTS\u00ae products is based on their durability. This is the number one criterion for our customers. Hence, our slogan: \u201cLights for Heavy Duty\u201d.","og_url":"https:\/\/www.nordiclights.com\/about-us\/","og_site_name":"NORDIC LIGHTS\u00ae - Nordic Lights Ltd.","article_modified_time":"2024-01-26T10:07:01+00:00","twitter_card":"summary_large_image","twitter_misc":{"Tempo estimado de leitura":"2 minutos"},"schema":{"@context":"https:\/\/schema.org","@graph":[{"@type":"WebPage","@id":"https:\/\/www.nordiclights.com\/about-us\/","url":"https:\/\/www.nordiclights.com\/about-us\/","name":"About us - NORDIC LIGHTS\u00ae - Nordic Lights Ltd.","isPartOf":{"@id":"https:\/\/www.nordiclights.com\/ru\/#website"},"datePublished":"2017-10-09T09:56:05+00:00","dateModified":"2024-01-26T10:07:01+00:00","description":"The success of NORDIC LIGHTS\u00ae products is based on their durability. This is the number one criterion for our customers. Hence, our slogan: \u201cLights for Heavy Duty\u201d.","breadcrumb":{"@id":"https:\/\/www.nordiclights.com\/about-us\/#breadcrumb"},"inLanguage":"pt-PT","potentialAction":[{"@type":"ReadAction","target":["https:\/\/www.nordiclights.com\/about-us\/"]}]},{"@type":"BreadcrumbList","@id":"https:\/\/www.nordiclights.com\/about-us\/#breadcrumb","itemListElement":[{"@type":"ListItem","position":1,"name":"Home","item":"https:\/\/www.nordiclights.com\/pt-pt\/"},{"@type":"ListItem","position":2,"name":"Sobre n\u00f3s"}]},{"@type":"WebSite","@id":"https:\/\/www.nordiclights.com\/ru\/#website","url":"https:\/\/www.nordiclights.com\/ru\/","name":"NORDIC LIGHTS\u00ae - Nordic Lights Ltd.","description":"","potentialAction":[{"@type":"SearchAction","target":{"@type":"EntryPoint","urlTemplate":"https:\/\/www.nordiclights.com\/ru\/?s={search_term_string}"},"query-input":{"@type":"PropertyValueSpecification","valueRequired":true,"valueName":"search_term_string"}}],"inLanguage":"pt-PT"}]}},"_links":{"self":[{"href":"https:\/\/www.nordiclights.com\/pt-pt\/wp-json\/wp\/v2\/pages\/3223","targetHints":{"allow":["GET"]}}],"collection":[{"href":"https:\/\/www.nordiclights.com\/pt-pt\/wp-json\/wp\/v2\/pages"}],"about":[{"href":"https:\/\/www.nordiclights.com\/pt-pt\/wp-json\/wp\/v2\/types\/page"}],"author":[{"embeddable":true,"href":"https:\/\/www.nordiclights.com\/pt-pt\/wp-json\/wp\/v2\/users\/1"}],"replies":[{"embeddable":true,"href":"https:\/\/www.nordiclights.com\/pt-pt\/wp-json\/wp\/v2\/comments?post=3223"}],"version-history":[{"count":8,"href":"https:\/\/www.nordiclights.com\/pt-pt\/wp-json\/wp\/v2\/pages\/3223\/revisions"}],"predecessor-version":[{"id":28602,"href":"https:\/\/www.nordiclights.com\/pt-pt\/wp-json\/wp\/v2\/pages\/3223\/revisions\/28602"}],"wp:attachment":[{"href":"https:\/\/www.nordiclights.com\/pt-pt\/wp-json\/wp\/v2\/media?parent=3223"}],"curies":[{"name":"wp","href":"https:\/\/api.w.org\/{rel}","templated":true}]}}