{"id":3247,"date":"2017-10-09T11:52:42","date_gmt":"2017-10-09T11:52:42","guid":{"rendered":"http:\/\/stage.c7307.cloudnet.cloud\/oem-capabilities\/"},"modified":"2019-08-21T12:10:10","modified_gmt":"2019-08-21T10:10:10","slug":"oem-capabilities","status":"publish","type":"page","link":"https:\/\/www.nordiclights.com\/pt-pt\/oem-capabilities\/","title":{"rendered":"Capacidades do OEM (fabricante de equipamentos orginal)"},"content":{"rendered":"<p><span lang=\"PT-BR\">A Nordic Lights opera junto com cada cliente individualmente, levando em conta suas necessidades, experi\u00eancia e opini\u00f5es. Tudo isso \u00e9 ent\u00e3o combinado aos nossos amplos conhecimentos e \u00e0s capacidades do OEM para aplicar a melhor solu\u00e7\u00e3o e ajudar voc\u00ea a ter \u00eaxito em suas metas comerciais. Acreditamos firmemente que ambas as partes se beneficiam com essa parceria.<\/span><\/p>\n<p><span lang=\"PT-BR\">N\u00f3s nos tornamos o parceiro preferencial de diversos ve\u00edculos na estrada e fora da estrada. Temos o orgulho de anunciar que Nossas ilumina\u00e7\u00f5es de trabalho s\u00e3o criadas em conjunto com l\u00edderes do setor, como Caterpillar, Liebherr, Sandvik e Komatsu.<\/span><\/p>\n<p><span lang=\"PT-BR\">Acreditamos que nosso sucesso n\u00e3o \u00e9 resultado de apenas um fator, mas o somat\u00f3rio de muitas coisas que fizemos da maneira certa ao longo dos anos. Baseamos nossas conquistas e a vasta capacidade de nossos OEMs nos valores essenciais a seguir:<\/span><\/p>\n<h3><b><span lang=\"PT-BR\">Profundo conhecimento tecnol\u00f3gico sobre ilumina\u00e7\u00e3o<\/span><\/b><b><\/b><\/h3>\n<p><span lang=\"PT-BR\">A NORDIC LIGHTS\u00ae tem anos de experi\u00eancia no desenvolvimento e fabrica\u00e7\u00e3o de far\u00f3is de trabalho dur\u00e1veis para ve\u00edculos pesados. Temos nosso pr\u00f3prio departamento interno de P&amp;D, modernos laborat\u00f3rios de ilumina\u00e7\u00e3o e testes e tamb\u00e9m o que h\u00e1 de mais recente em software de simula\u00e7\u00e3o, que nos permite projetar e desenvolver produtos de acordo com nossos padr\u00f5es. Temos os melhores desenvolvedores de produtos e engenheiros, que est\u00e3o constantemente criando solu\u00e7\u00f5es novas e inovadoras de n\u00edvel mundial quando o assunto \u00e9 ilumina\u00e7\u00e3o. Para fornecer a voc\u00ea exatamente o produto correto, oferecemos servi\u00e7os como simula\u00e7\u00f5es de ilumina\u00e7\u00e3o e 3D, posicionamento ideal da ilumina\u00e7\u00e3o e recomenda\u00e7\u00f5es quanto ao volume de ilumina\u00e7\u00e3o e far\u00f3is de trabalho adequados.<\/span><\/p>\n<h3><b><span lang=\"PT-BR\">Inova\u00e7\u00e3o<\/span><\/b><b><\/b><\/h3>\n<p><span lang=\"PT-BR\">Acreditamos na ideia de ter uma mentalidade aberta e curiosa. Essa atitude promove uma cultura onde as pessoas s\u00e3o respeitadas e encorajadas a trocar ideias com firmeza, trabalhando juntas em inova\u00e7\u00f5es revolucion\u00e1rias. Erros acontecem, e, na verdade, n\u00e3o existem erros, e sim li\u00e7\u00f5es a serem aprendidas.<\/span><\/p>\n<h3><b><span lang=\"PT-BR\">Flexibilidade<\/span><\/b><b><\/b><\/h3>\n<p><span lang=\"PT-BR\">N\u00e3o estamos estabelecidos em uma metr\u00f3pole agitada, mas na bela costa oeste da Finl\u00e2ndia. O mar revolto, longos invernos, florestas intermin\u00e1veis e estradas de interior nos ensinaram o que significa ser flex\u00edvel. Nossa prioridade \u00e9 atender \u00e0s necessidades de cada cliente e de um mundo em transforma\u00e7\u00e3o.<\/span><\/p>\n<h3><b><span lang=\"PT-BR\">Solu\u00e7\u00f5es personalizadas<\/span><\/b><b><\/b><\/h3>\n<p><span lang=\"PT-BR\">Temos prazer em criar solu\u00e7\u00f5es feitas especialmente para os clientes, junto com nossos clientes, e temos orgulho de ser flex\u00edveis, inovadores e eficientes em nosso trabalho. Gra\u00e7as \u00e0 nossa capacidade de engenharia, podemos projetar far\u00f3is de trabalho personalizados, de acordo com suas necessidades.<\/span><\/p>\n<h3><b><span lang=\"PT-BR\">M\u00e9todo de trabalho simples e funcional<\/span><\/b><b><\/b><\/h3>\n<p><span lang=\"PT-BR\">Procuramos nos empenhar para alcan\u00e7ar a excel\u00eancia operacional. H\u00e1 quase uma d\u00e9cada utilizamos os m\u00e9todos Lean Six Sigma em nossa forma de trabalhar, e nossos processos de fabrica\u00e7\u00e3o se inspirou nos l\u00edderes tecnol\u00f3gicos mundiais, oferecendo assim, uma das cadeias de produ\u00e7\u00e3o mais enxutas de nosso ramo de neg\u00f3cios.<\/span><\/p>\n<h3><b><span lang=\"PT-BR\">Pensando em qualidade<\/span><\/b><b><\/b><\/h3>\n<p><span lang=\"PT-BR\">O fato de todas as nossas s\u00e9ries de produtos passarem por exaustivos testes \u00e9 motivo de grande orgulho para n\u00f3s. A taxa de falhas de nossa produ\u00e7\u00e3o \u00e9 muito baixa. Sempre nos esfor\u00e7amos por produtos premium e por zero defeitos. Oferecemos a nossos clientes o que temos de melhor.<\/span><\/p>\n<h3><b><span lang=\"PT-BR\">Desenvolvimento cont\u00ednuo<\/span><\/b><b><\/b><\/h3>\n<p><span lang=\"PT-BR\">A estagna\u00e7\u00e3o \u00e9 inaceit\u00e1vel para a NORDIC LIGHTS\u00ae. Sempre permanecemos um passo \u00e0 frente e continuamos a desafiar a n\u00f3s mesmos a pensar em formas pelas quais podemos melhorar nossa maneira de fazer neg\u00f3cios.<\/span><\/p>\n<h3><b><span lang=\"PT-BR\">Foco no servi\u00e7o<\/span><\/b><b><\/b><\/h3>\n<p><span lang=\"PT-BR\">Acreditamos em agilidade e foco no servi\u00e7o, voltado para nossos clientes. Al\u00e9m disso, nos orgulhamos por tornar o trabalho de nossos clientes conosco algo f\u00e1cil e agrad\u00e1vel.<\/span><\/p>\n<h3><b><span lang=\"PT-BR\">Mentalidade global<\/span><\/b><b><\/b><\/h3>\n<p><span lang=\"PT-BR\">A Costa Oeste da Finl\u00e2ndia esteve sempre voltada para a exporta\u00e7\u00e3o e adapta\u00e7\u00e3o ao mundo fora de suas fronteiras. Somos curiosos e abertos a novas ideias e vemos o mercado global como nosso campo de trabalho.<\/span><\/p>\n<h3><b><span lang=\"PT-BR\">Confi\u00e1vel<\/span><\/b><b><\/b><\/h3>\n<p><span lang=\"PT-BR\">Os finlandeses s\u00e3o bem conhecidos por serem extremamente persistentes e confi\u00e1veis. Ao fazer neg\u00f3cio conosco, voc\u00ea poder\u00e1 estar certo de que existe harmonia entre o que o que falamos e o que fazemos. Voc\u00ea pode confiar que nossa produ\u00e7\u00e3o \u00e9 eficiente e assim manter um estoque menor com nossas entregas no momento certo.<\/span><\/p>\n<h3><b><span lang=\"PT-BR\">Principais processos caminhando juntos<\/span><\/b><b><\/b><\/h3>\n<p><span lang=\"PT-BR\">Acreditamos que \u00e9 no melhor interesse de nossos clientes que n\u00f3s mesmos projetamos e produzimos os nossos produtos, de acordo com nossos elevados padr\u00f5es. Com o departamento de P&amp;D, laborat\u00f3rios e fabrica\u00e7\u00e3o de \u00faltima gera\u00e7\u00e3o nos mesmos p\u00e1tios da f\u00e1brica, \u00e9 f\u00e1cil garantir que nossos produtos sejam robustos e fortes ao sa\u00edrem de nossas m\u00e3os.<\/span><\/p>\n<h3><b><span lang=\"PT-BR\">Efici\u00eancia<\/span><\/b><b><\/b><\/h3>\n<p><span lang=\"PT-BR\">Temos orgulho de nossa rapidez de entrega e efici\u00eancia na \u00e9tica de trabalho, e estamos constantemente melhorando nossas m\u00e1quinas para que funcionem da maneira mais econ\u00f4mica. Atendemos ao mercado global com satisfa\u00e7\u00e3o e nossos produtos chegam \u00e0s suas m\u00e3os na hora certa. Somos capacitados para EDI tanto para envio e recebimento de transa\u00e7\u00f5es EDI. Nossa solu\u00e7\u00e3o de EDI \u00e9 um m\u00f3dulo totalmente integrado de nosso software ERP, minimizando a movimenta\u00e7\u00e3o manual dos dados.<\/span><\/p>\n","protected":false},"excerpt":{"rendered":"<p>A Nordic Lights opera junto com cada cliente individualmente, levando em conta suas necessidades, experi\u00eancia e opini\u00f5es. Tudo isso \u00e9 ent\u00e3o combinado aos nossos amplos conhecimentos e \u00e0s capacidades do OEM para aplicar a melhor solu\u00e7\u00e3o e ajudar voc\u00ea a ter \u00eaxito em suas metas comerciais. Acreditamos firmemente que ambas as partes se beneficiam com [&hellip;]<\/p>\n","protected":false},"author":1,"featured_media":0,"parent":0,"menu_order":0,"comment_status":"closed","ping_status":"closed","template":"page-about.php","meta":{"_acf_changed":false,"_monsterinsights_skip_tracking":false,"_monsterinsights_sitenote_active":false,"_monsterinsights_sitenote_note":"","_monsterinsights_sitenote_category":0,"footnotes":""},"class_list":["post-3247","page","type-page","status-publish","hentry"],"acf":[],"yoast_head":"<!-- This site is optimized with the Yoast SEO plugin v27.1.1 - https:\/\/yoast.com\/product\/yoast-seo-wordpress\/ -->\n<title>OEM Capabilities - NORDIC LIGHTS\u00ae - Nordic Lights Ltd.<\/title>\n<meta name=\"description\" content=\"Your lighting solution partner. Whatever your lighting needs NORDIC LIGHTS\u00ae offer you tailored lighting solutions, know-how, teamwork, increased efficiency, quality and management.\" \/>\n<meta name=\"robots\" content=\"index, follow, max-snippet:-1, max-image-preview:large, max-video-preview:-1\" \/>\n<link rel=\"canonical\" href=\"https:\/\/www.nordiclights.com\/oem-capabilities\/\" \/>\n<meta property=\"og:locale\" content=\"pt_PT\" \/>\n<meta property=\"og:type\" content=\"article\" \/>\n<meta property=\"og:title\" content=\"OEM Capabilities - NORDIC LIGHTS\u00ae - Nordic Lights Ltd.\" \/>\n<meta property=\"og:description\" content=\"Your lighting solution partner. Whatever your lighting needs NORDIC LIGHTS\u00ae offer you tailored lighting solutions, know-how, teamwork, increased efficiency, quality and management.\" \/>\n<meta property=\"og:url\" content=\"https:\/\/www.nordiclights.com\/oem-capabilities\/\" \/>\n<meta property=\"og:site_name\" content=\"NORDIC LIGHTS\u00ae - Nordic Lights Ltd.\" \/>\n<meta property=\"article:modified_time\" content=\"2019-08-21T10:10:10+00:00\" \/>\n<meta name=\"twitter:card\" content=\"summary_large_image\" \/>\n<meta name=\"twitter:label1\" content=\"Tempo estimado de leitura\" \/>\n\t<meta name=\"twitter:data1\" content=\"4 minutos\" \/>\n<script type=\"application\/ld+json\" class=\"yoast-schema-graph\">{\"@context\":\"https:\/\/schema.org\",\"@graph\":[{\"@type\":\"WebPage\",\"@id\":\"https:\/\/www.nordiclights.com\/oem-capabilities\/\",\"url\":\"https:\/\/www.nordiclights.com\/oem-capabilities\/\",\"name\":\"OEM Capabilities - NORDIC LIGHTS\u00ae - Nordic Lights Ltd.\",\"isPartOf\":{\"@id\":\"https:\/\/www.nordiclights.com\/ru\/#website\"},\"datePublished\":\"2017-10-09T11:52:42+00:00\",\"dateModified\":\"2019-08-21T10:10:10+00:00\",\"description\":\"Your lighting solution partner. Whatever your lighting needs NORDIC LIGHTS\u00ae offer you tailored lighting solutions, know-how, teamwork, increased efficiency, quality and management.\",\"breadcrumb\":{\"@id\":\"https:\/\/www.nordiclights.com\/oem-capabilities\/#breadcrumb\"},\"inLanguage\":\"pt-PT\",\"potentialAction\":[{\"@type\":\"ReadAction\",\"target\":[\"https:\/\/www.nordiclights.com\/oem-capabilities\/\"]}]},{\"@type\":\"BreadcrumbList\",\"@id\":\"https:\/\/www.nordiclights.com\/oem-capabilities\/#breadcrumb\",\"itemListElement\":[{\"@type\":\"ListItem\",\"position\":1,\"name\":\"Home\",\"item\":\"https:\/\/www.nordiclights.com\/pt-pt\/\"},{\"@type\":\"ListItem\",\"position\":2,\"name\":\"Capacidades do OEM (fabricante de equipamentos orginal)\"}]},{\"@type\":\"WebSite\",\"@id\":\"https:\/\/www.nordiclights.com\/ru\/#website\",\"url\":\"https:\/\/www.nordiclights.com\/ru\/\",\"name\":\"NORDIC LIGHTS\u00ae - Nordic Lights Ltd.\",\"description\":\"\",\"potentialAction\":[{\"@type\":\"SearchAction\",\"target\":{\"@type\":\"EntryPoint\",\"urlTemplate\":\"https:\/\/www.nordiclights.com\/ru\/?s={search_term_string}\"},\"query-input\":{\"@type\":\"PropertyValueSpecification\",\"valueRequired\":true,\"valueName\":\"search_term_string\"}}],\"inLanguage\":\"pt-PT\"}]}<\/script>\n<!-- \/ Yoast SEO plugin. -->","yoast_head_json":{"title":"OEM Capabilities - NORDIC LIGHTS\u00ae - Nordic Lights Ltd.","description":"Your lighting solution partner. Whatever your lighting needs NORDIC LIGHTS\u00ae offer you tailored lighting solutions, know-how, teamwork, increased efficiency, quality and management.","robots":{"index":"index","follow":"follow","max-snippet":"max-snippet:-1","max-image-preview":"max-image-preview:large","max-video-preview":"max-video-preview:-1"},"canonical":"https:\/\/www.nordiclights.com\/oem-capabilities\/","og_locale":"pt_PT","og_type":"article","og_title":"OEM Capabilities - NORDIC LIGHTS\u00ae - Nordic Lights Ltd.","og_description":"Your lighting solution partner. Whatever your lighting needs NORDIC LIGHTS\u00ae offer you tailored lighting solutions, know-how, teamwork, increased efficiency, quality and management.","og_url":"https:\/\/www.nordiclights.com\/oem-capabilities\/","og_site_name":"NORDIC LIGHTS\u00ae - Nordic Lights Ltd.","article_modified_time":"2019-08-21T10:10:10+00:00","twitter_card":"summary_large_image","twitter_misc":{"Tempo estimado de leitura":"4 minutos"},"schema":{"@context":"https:\/\/schema.org","@graph":[{"@type":"WebPage","@id":"https:\/\/www.nordiclights.com\/oem-capabilities\/","url":"https:\/\/www.nordiclights.com\/oem-capabilities\/","name":"OEM Capabilities - NORDIC LIGHTS\u00ae - Nordic Lights Ltd.","isPartOf":{"@id":"https:\/\/www.nordiclights.com\/ru\/#website"},"datePublished":"2017-10-09T11:52:42+00:00","dateModified":"2019-08-21T10:10:10+00:00","description":"Your lighting solution partner. Whatever your lighting needs NORDIC LIGHTS\u00ae offer you tailored lighting solutions, know-how, teamwork, increased efficiency, quality and management.","breadcrumb":{"@id":"https:\/\/www.nordiclights.com\/oem-capabilities\/#breadcrumb"},"inLanguage":"pt-PT","potentialAction":[{"@type":"ReadAction","target":["https:\/\/www.nordiclights.com\/oem-capabilities\/"]}]},{"@type":"BreadcrumbList","@id":"https:\/\/www.nordiclights.com\/oem-capabilities\/#breadcrumb","itemListElement":[{"@type":"ListItem","position":1,"name":"Home","item":"https:\/\/www.nordiclights.com\/pt-pt\/"},{"@type":"ListItem","position":2,"name":"Capacidades do OEM (fabricante de equipamentos orginal)"}]},{"@type":"WebSite","@id":"https:\/\/www.nordiclights.com\/ru\/#website","url":"https:\/\/www.nordiclights.com\/ru\/","name":"NORDIC LIGHTS\u00ae - Nordic Lights Ltd.","description":"","potentialAction":[{"@type":"SearchAction","target":{"@type":"EntryPoint","urlTemplate":"https:\/\/www.nordiclights.com\/ru\/?s={search_term_string}"},"query-input":{"@type":"PropertyValueSpecification","valueRequired":true,"valueName":"search_term_string"}}],"inLanguage":"pt-PT"}]}},"_links":{"self":[{"href":"https:\/\/www.nordiclights.com\/pt-pt\/wp-json\/wp\/v2\/pages\/3247","targetHints":{"allow":["GET"]}}],"collection":[{"href":"https:\/\/www.nordiclights.com\/pt-pt\/wp-json\/wp\/v2\/pages"}],"about":[{"href":"https:\/\/www.nordiclights.com\/pt-pt\/wp-json\/wp\/v2\/types\/page"}],"author":[{"embeddable":true,"href":"https:\/\/www.nordiclights.com\/pt-pt\/wp-json\/wp\/v2\/users\/1"}],"replies":[{"embeddable":true,"href":"https:\/\/www.nordiclights.com\/pt-pt\/wp-json\/wp\/v2\/comments?post=3247"}],"version-history":[{"count":6,"href":"https:\/\/www.nordiclights.com\/pt-pt\/wp-json\/wp\/v2\/pages\/3247\/revisions"}],"predecessor-version":[{"id":17100,"href":"https:\/\/www.nordiclights.com\/pt-pt\/wp-json\/wp\/v2\/pages\/3247\/revisions\/17100"}],"wp:attachment":[{"href":"https:\/\/www.nordiclights.com\/pt-pt\/wp-json\/wp\/v2\/media?parent=3247"}],"curies":[{"name":"wp","href":"https:\/\/api.w.org\/{rel}","templated":true}]}}