{"id":4108,"date":"2018-02-14T10:02:36","date_gmt":"2018-02-14T09:02:36","guid":{"rendered":"http:\/\/stage.c7307.cloudnet.cloud\/tech-talk\/"},"modified":"2019-09-06T08:29:09","modified_gmt":"2019-09-06T06:29:09","slug":"tech-talk","status":"publish","type":"page","link":"https:\/\/www.nordiclights.com\/pt-pt\/tech-talk\/","title":{"rendered":"Conversa tecnol\u00f3gica"},"content":{"rendered":"<p><span lang=\"PT-BR\">A inova\u00e7\u00e3o est\u00e1 no DNA da Herrmans Ltd. NORDIC LIGHTS\u00ae. Hoje, a empresa possui um n\u00famero espantoso de inova\u00e7\u00f5es revolucion\u00e1rias em sua linha de produtos premium. Isso sem mencionar todos os produtos de ilumina\u00e7\u00e3o para trabalho pesado criados e fabricados ao longo dos anos.<\/span><span lang=\"PT-BR\">\u00a0<\/span><\/p>\n<p><span lang=\"PT-BR\">Por meio do desenvolvimento e da curiosidade, conquistamos um amplo conhecimento sobre solu\u00e7\u00f5es e tecnologia em ilumina\u00e7\u00e3o, \u00f3ptica e padr\u00f5es de ilumina\u00e7\u00e3o, al\u00e9m de solu\u00e7\u00f5es em amortecimento. Combinado a nossa compreens\u00e3o genu\u00edna dos requisitos e regulamenta\u00e7\u00f5es dos clientes, nossa satisfa\u00e7\u00e3o \u00e9 auxiliar na sele\u00e7\u00e3o de far\u00f3is de trabalho da NORDIC LIGHTS\u00ae LED mais adequados para qualquer aplica\u00e7\u00e3o em trabalhos pesados.<\/span><\/p>\n<p><span lang=\"PT-BR\">Temos nosso pr\u00f3prio parque interno para engenheiros, com um laborat\u00f3rio de testes de vibra\u00e7\u00e3o, um laborat\u00f3rio de far\u00f3is, um laborat\u00f3rio de eletr\u00f4nica e um tom\u00f3grafo, onde desenvolvemos e testamos nossos mais recentes produtos e encontramos as melhores solu\u00e7\u00f5es poss\u00edveis em far\u00f3is para equipamentos pesados. Essa inovadora e sofisticada pot\u00eancia experimentou muitos momentos de orgulho em sua hist\u00f3ria, que transformaram a empresa no que ela \u00e9 hoje. Ent\u00e3o, por que mudar um conceito vitorioso?<\/span><\/p>\n","protected":false},"excerpt":{"rendered":"<p>A inova\u00e7\u00e3o est\u00e1 no DNA da Herrmans Ltd. NORDIC LIGHTS\u00ae. Hoje, a empresa possui um n\u00famero espantoso de inova\u00e7\u00f5es revolucion\u00e1rias em sua linha de produtos premium. Isso sem mencionar todos os produtos de ilumina\u00e7\u00e3o para trabalho pesado criados e fabricados ao longo dos anos.\u00a0 Por meio do desenvolvimento e da curiosidade, conquistamos um amplo conhecimento [&hellip;]<\/p>\n","protected":false},"author":3,"featured_media":0,"parent":0,"menu_order":0,"comment_status":"closed","ping_status":"closed","template":"page-about.php","meta":{"_acf_changed":false,"_monsterinsights_skip_tracking":false,"_monsterinsights_sitenote_active":false,"_monsterinsights_sitenote_note":"","_monsterinsights_sitenote_category":0,"footnotes":""},"class_list":["post-4108","page","type-page","status-publish","hentry"],"acf":[],"yoast_head":"<!-- This site is optimized with the Yoast SEO plugin v27.1.1 - https:\/\/yoast.com\/product\/yoast-seo-wordpress\/ -->\n<title>Tech Talk - NORDIC LIGHTS\u00ae - Nordic Lights Ltd.<\/title>\n<meta name=\"description\" content=\"On this page you will find more technical information and features regarding NORDIC LIGHTS\u00ae products.\" \/>\n<meta name=\"robots\" content=\"index, follow, max-snippet:-1, max-image-preview:large, max-video-preview:-1\" \/>\n<link rel=\"canonical\" href=\"https:\/\/www.nordiclights.com\/tech-talk\/\" \/>\n<meta property=\"og:locale\" content=\"pt_PT\" \/>\n<meta property=\"og:type\" content=\"article\" \/>\n<meta property=\"og:title\" content=\"Tech Talk - NORDIC LIGHTS\u00ae - Nordic Lights Ltd.\" \/>\n<meta property=\"og:description\" content=\"On this page you will find more technical information and features regarding NORDIC LIGHTS\u00ae products.\" \/>\n<meta property=\"og:url\" content=\"https:\/\/www.nordiclights.com\/tech-talk\/\" \/>\n<meta property=\"og:site_name\" content=\"NORDIC LIGHTS\u00ae - Nordic Lights Ltd.\" \/>\n<meta property=\"article:modified_time\" content=\"2019-09-06T06:29:09+00:00\" \/>\n<meta name=\"twitter:card\" content=\"summary_large_image\" \/>\n<meta name=\"twitter:label1\" content=\"Tempo estimado de leitura\" \/>\n\t<meta name=\"twitter:data1\" content=\"1 minuto\" \/>\n<script type=\"application\/ld+json\" class=\"yoast-schema-graph\">{\"@context\":\"https:\/\/schema.org\",\"@graph\":[{\"@type\":\"WebPage\",\"@id\":\"https:\/\/www.nordiclights.com\/tech-talk\/\",\"url\":\"https:\/\/www.nordiclights.com\/tech-talk\/\",\"name\":\"Tech Talk - NORDIC LIGHTS\u00ae - Nordic Lights Ltd.\",\"isPartOf\":{\"@id\":\"https:\/\/www.nordiclights.com\/ru\/#website\"},\"datePublished\":\"2018-02-14T09:02:36+00:00\",\"dateModified\":\"2019-09-06T06:29:09+00:00\",\"description\":\"On this page you will find more technical information and features regarding NORDIC LIGHTS\u00ae products.\",\"breadcrumb\":{\"@id\":\"https:\/\/www.nordiclights.com\/tech-talk\/#breadcrumb\"},\"inLanguage\":\"pt-PT\",\"potentialAction\":[{\"@type\":\"ReadAction\",\"target\":[\"https:\/\/www.nordiclights.com\/tech-talk\/\"]}]},{\"@type\":\"BreadcrumbList\",\"@id\":\"https:\/\/www.nordiclights.com\/tech-talk\/#breadcrumb\",\"itemListElement\":[{\"@type\":\"ListItem\",\"position\":1,\"name\":\"Home\",\"item\":\"https:\/\/www.nordiclights.com\/pt-pt\/\"},{\"@type\":\"ListItem\",\"position\":2,\"name\":\"Conversa tecnol\u00f3gica\"}]},{\"@type\":\"WebSite\",\"@id\":\"https:\/\/www.nordiclights.com\/ru\/#website\",\"url\":\"https:\/\/www.nordiclights.com\/ru\/\",\"name\":\"NORDIC LIGHTS\u00ae - Nordic Lights Ltd.\",\"description\":\"\",\"potentialAction\":[{\"@type\":\"SearchAction\",\"target\":{\"@type\":\"EntryPoint\",\"urlTemplate\":\"https:\/\/www.nordiclights.com\/ru\/?s={search_term_string}\"},\"query-input\":{\"@type\":\"PropertyValueSpecification\",\"valueRequired\":true,\"valueName\":\"search_term_string\"}}],\"inLanguage\":\"pt-PT\"}]}<\/script>\n<!-- \/ Yoast SEO plugin. -->","yoast_head_json":{"title":"Tech Talk - NORDIC LIGHTS\u00ae - Nordic Lights Ltd.","description":"On this page you will find more technical information and features regarding NORDIC LIGHTS\u00ae products.","robots":{"index":"index","follow":"follow","max-snippet":"max-snippet:-1","max-image-preview":"max-image-preview:large","max-video-preview":"max-video-preview:-1"},"canonical":"https:\/\/www.nordiclights.com\/tech-talk\/","og_locale":"pt_PT","og_type":"article","og_title":"Tech Talk - NORDIC LIGHTS\u00ae - Nordic Lights Ltd.","og_description":"On this page you will find more technical information and features regarding NORDIC LIGHTS\u00ae products.","og_url":"https:\/\/www.nordiclights.com\/tech-talk\/","og_site_name":"NORDIC LIGHTS\u00ae - Nordic Lights Ltd.","article_modified_time":"2019-09-06T06:29:09+00:00","twitter_card":"summary_large_image","twitter_misc":{"Tempo estimado de leitura":"1 minuto"},"schema":{"@context":"https:\/\/schema.org","@graph":[{"@type":"WebPage","@id":"https:\/\/www.nordiclights.com\/tech-talk\/","url":"https:\/\/www.nordiclights.com\/tech-talk\/","name":"Tech Talk - NORDIC LIGHTS\u00ae - Nordic Lights Ltd.","isPartOf":{"@id":"https:\/\/www.nordiclights.com\/ru\/#website"},"datePublished":"2018-02-14T09:02:36+00:00","dateModified":"2019-09-06T06:29:09+00:00","description":"On this page you will find more technical information and features regarding NORDIC LIGHTS\u00ae products.","breadcrumb":{"@id":"https:\/\/www.nordiclights.com\/tech-talk\/#breadcrumb"},"inLanguage":"pt-PT","potentialAction":[{"@type":"ReadAction","target":["https:\/\/www.nordiclights.com\/tech-talk\/"]}]},{"@type":"BreadcrumbList","@id":"https:\/\/www.nordiclights.com\/tech-talk\/#breadcrumb","itemListElement":[{"@type":"ListItem","position":1,"name":"Home","item":"https:\/\/www.nordiclights.com\/pt-pt\/"},{"@type":"ListItem","position":2,"name":"Conversa tecnol\u00f3gica"}]},{"@type":"WebSite","@id":"https:\/\/www.nordiclights.com\/ru\/#website","url":"https:\/\/www.nordiclights.com\/ru\/","name":"NORDIC LIGHTS\u00ae - Nordic Lights Ltd.","description":"","potentialAction":[{"@type":"SearchAction","target":{"@type":"EntryPoint","urlTemplate":"https:\/\/www.nordiclights.com\/ru\/?s={search_term_string}"},"query-input":{"@type":"PropertyValueSpecification","valueRequired":true,"valueName":"search_term_string"}}],"inLanguage":"pt-PT"}]}},"_links":{"self":[{"href":"https:\/\/www.nordiclights.com\/pt-pt\/wp-json\/wp\/v2\/pages\/4108","targetHints":{"allow":["GET"]}}],"collection":[{"href":"https:\/\/www.nordiclights.com\/pt-pt\/wp-json\/wp\/v2\/pages"}],"about":[{"href":"https:\/\/www.nordiclights.com\/pt-pt\/wp-json\/wp\/v2\/types\/page"}],"author":[{"embeddable":true,"href":"https:\/\/www.nordiclights.com\/pt-pt\/wp-json\/wp\/v2\/users\/3"}],"replies":[{"embeddable":true,"href":"https:\/\/www.nordiclights.com\/pt-pt\/wp-json\/wp\/v2\/comments?post=4108"}],"version-history":[{"count":4,"href":"https:\/\/www.nordiclights.com\/pt-pt\/wp-json\/wp\/v2\/pages\/4108\/revisions"}],"predecessor-version":[{"id":15929,"href":"https:\/\/www.nordiclights.com\/pt-pt\/wp-json\/wp\/v2\/pages\/4108\/revisions\/15929"}],"wp:attachment":[{"href":"https:\/\/www.nordiclights.com\/pt-pt\/wp-json\/wp\/v2\/media?parent=4108"}],"curies":[{"name":"wp","href":"https:\/\/api.w.org\/{rel}","templated":true}]}}